{"id":47497,"date":"2025-11-10T17:49:12","date_gmt":"2025-11-10T16:49:12","guid":{"rendered":"https:\/\/www.ernstbrunn-apotheke.at\/katalog\/produkt\/tinti-knister-pflegebad-1-stk\/"},"modified":"2025-12-08T16:30:24","modified_gmt":"2025-12-08T15:30:24","slug":"tinti-knister-pflegebad-1-stk","status":"publish","type":"product","link":"https:\/\/www.ernstbrunn-apotheke.at\/katalog\/produkt\/tinti-knister-pflegebad-1-stk\/","title":{"rendered":"Tinti Knister Pflegebad 1 Stk."},"content":{"rendered":"<p>Tinti Knister Pflegebad f\u00e4rbt das Wasser rot und verzaubert mit fruchtigem Cranberry-Papaya-Duft. Die beinhalteten Naturfarben f\u00e4rben weder Haut noch Wanne. Das Bad ist f\u00fcr Kinder ab 3 Jahren geeignet &#8211; wir f\u00fchren alle Produkte von Tinti zu Sonderpreisen!<\/p>\n","protected":false},"excerpt":{"rendered":"<p>Tinti Knister Pflegebad f\u00e4rbt das Wasser rot und verzaubert mit fruchtigem Cranberry-Papaya-Duft. Die beinhalteten Naturfarben f\u00e4rben weder Haut noch Wanne. Das Bad ist f\u00fcr Kinder ab 3 Jahren geeignet &#8211; wir f\u00fchren alle Produkte von Tinti zu Sonderpreisen!<\/p>\n","protected":false},"featured_media":0,"template":"","meta":{"_acf_changed":false},"product_brand":[1024],"product_cat":[798],"product_tag":[],"class_list":{"0":"post-47497","1":"product","2":"type-product","3":"status-publish","5":"product_brand-tinti","6":"product_cat-t","7":"pa_packungsgroesse-1-stueck","9":"first","10":"instock","11":"shipping-taxable","12":"purchasable","13":"product-type-simple"},"acf":[],"_links":{"self":[{"href":"https:\/\/www.ernstbrunn-apotheke.at\/katalog\/wp-json\/wp\/v2\/product\/47497","targetHints":{"allow":["GET"]}}],"collection":[{"href":"https:\/\/www.ernstbrunn-apotheke.at\/katalog\/wp-json\/wp\/v2\/product"}],"about":[{"href":"https:\/\/www.ernstbrunn-apotheke.at\/katalog\/wp-json\/wp\/v2\/types\/product"}],"wp:attachment":[{"href":"https:\/\/www.ernstbrunn-apotheke.at\/katalog\/wp-json\/wp\/v2\/media?parent=47497"}],"wp:term":[{"taxonomy":"product_brand","embeddable":true,"href":"https:\/\/www.ernstbrunn-apotheke.at\/katalog\/wp-json\/wp\/v2\/product_brand?post=47497"},{"taxonomy":"product_cat","embeddable":true,"href":"https:\/\/www.ernstbrunn-apotheke.at\/katalog\/wp-json\/wp\/v2\/product_cat?post=47497"},{"taxonomy":"product_tag","embeddable":true,"href":"https:\/\/www.ernstbrunn-apotheke.at\/katalog\/wp-json\/wp\/v2\/product_tag?post=47497"}],"curies":[{"name":"wp","href":"https:\/\/api.w.org\/{rel}","templated":true}]}}