{"id":47447,"date":"2025-11-10T17:48:38","date_gmt":"2025-11-10T16:48:38","guid":{"rendered":"https:\/\/www.ernstbrunn-apotheke.at\/katalog\/produkt\/casida-engelwurzbalsam-baby-kinder-bei-empfindlicher-nase-15g\/"},"modified":"2025-12-08T16:30:07","modified_gmt":"2025-12-08T15:30:07","slug":"casida-engelwurzbalsam-baby-kinder-bei-empfindlicher-nase-15g","status":"publish","type":"product","link":"https:\/\/www.ernstbrunn-apotheke.at\/katalog\/produkt\/casida-engelwurzbalsam-baby-kinder-bei-empfindlicher-nase-15g\/","title":{"rendered":"Casida ENGELWURZBALSAM Baby &#038; Kinder bei empfindlicher Nase &#8211; 15g"},"content":{"rendered":"<p>Casida Engelwurzbalsam Baby &#038; Kinder &#8211; die bew\u00e4hrte Pflege bei empfindlicher Schnupfennase. Enth\u00e4lt rein pflanzliche \u00d6le aus zertifiziert biologischem Anbau: Angelikawurzel, Majoran und Thymian. Zus\u00e4tzlich pflegen Lanolin, Johanniskraut\u00f6l und Bienenwachs die empfindliche Schnupfennase.<\/p>\n","protected":false},"excerpt":{"rendered":"<p>Casida Engelwurzbalsam Baby &#038; Kinder &#8211; die bew\u00e4hrte Pflege bei empfindlicher Schnupfennase. Enth\u00e4lt rein pflanzliche \u00d6le aus zertifiziert biologischem Anbau: Angelikawurzel, Majoran und Thymian. Zus\u00e4tzlich pflegen Lanolin, Johanniskraut\u00f6l und Bienenwachs die empfindliche Schnupfennase.<\/p>\n","protected":false},"featured_media":47449,"template":"","meta":{"_acf_changed":false},"product_brand":[],"product_cat":[812],"product_tag":[],"class_list":{"0":"post-47447","1":"product","2":"type-product","3":"status-publish","4":"has-post-thumbnail","6":"product_cat-c","7":"pa_packungsgroesse-15ml","9":"first","10":"instock","11":"shipping-taxable","12":"purchasable","13":"product-type-simple"},"acf":[],"_links":{"self":[{"href":"https:\/\/www.ernstbrunn-apotheke.at\/katalog\/wp-json\/wp\/v2\/product\/47447","targetHints":{"allow":["GET"]}}],"collection":[{"href":"https:\/\/www.ernstbrunn-apotheke.at\/katalog\/wp-json\/wp\/v2\/product"}],"about":[{"href":"https:\/\/www.ernstbrunn-apotheke.at\/katalog\/wp-json\/wp\/v2\/types\/product"}],"wp:featuredmedia":[{"embeddable":true,"href":"https:\/\/www.ernstbrunn-apotheke.at\/katalog\/wp-json\/wp\/v2\/media\/47449"}],"wp:attachment":[{"href":"https:\/\/www.ernstbrunn-apotheke.at\/katalog\/wp-json\/wp\/v2\/media?parent=47447"}],"wp:term":[{"taxonomy":"product_brand","embeddable":true,"href":"https:\/\/www.ernstbrunn-apotheke.at\/katalog\/wp-json\/wp\/v2\/product_brand?post=47447"},{"taxonomy":"product_cat","embeddable":true,"href":"https:\/\/www.ernstbrunn-apotheke.at\/katalog\/wp-json\/wp\/v2\/product_cat?post=47447"},{"taxonomy":"product_tag","embeddable":true,"href":"https:\/\/www.ernstbrunn-apotheke.at\/katalog\/wp-json\/wp\/v2\/product_tag?post=47447"}],"curies":[{"name":"wp","href":"https:\/\/api.w.org\/{rel}","templated":true}]}}