{"id":47441,"date":"2025-11-10T17:48:22","date_gmt":"2025-11-10T16:48:22","guid":{"rendered":"https:\/\/www.ernstbrunn-apotheke.at\/katalog\/produkt\/weleda-pflegemilch-calendula-200-ml\/"},"modified":"2025-12-08T16:30:04","modified_gmt":"2025-12-08T15:30:04","slug":"weleda-pflegemilch-calendula-200-ml","status":"publish","type":"product","link":"https:\/\/www.ernstbrunn-apotheke.at\/katalog\/produkt\/weleda-pflegemilch-calendula-200-ml\/","title":{"rendered":"Weleda Pflegemilch Calendula 200 ml"},"content":{"rendered":"<p>Weleda Pflegemilch Calendula sch\u00fctzt empfindliche Baby- und Kinderhaut ganz nat\u00fcrlich und spendet ihr Feuchtigkeit. Wertvolles Mandel\u00f6l aus kontrolliert-biologischem Anbau h\u00e4lt die Haut weich und geschmeidig und sch\u00fctzt vor dem Austrocknen.<\/p>\n","protected":false},"excerpt":{"rendered":"<p>Weleda Pflegemilch Calendula sch\u00fctzt empfindliche Baby- und Kinderhaut ganz nat\u00fcrlich und spendet ihr Feuchtigkeit. Wertvolles Mandel\u00f6l aus kontrolliert-biologischem Anbau h\u00e4lt die Haut weich und geschmeidig und sch\u00fctzt vor dem Austrocknen.<\/p>\n","protected":false},"featured_media":47443,"template":"","meta":{"_acf_changed":false},"product_brand":[567],"product_cat":[796],"product_tag":[],"class_list":{"0":"post-47441","1":"product","2":"type-product","3":"status-publish","4":"has-post-thumbnail","6":"product_brand-weleda","7":"product_cat-w","8":"pa_packungsgroesse-200ml","10":"first","11":"instock","12":"shipping-taxable","13":"purchasable","14":"product-type-simple"},"acf":[],"_links":{"self":[{"href":"https:\/\/www.ernstbrunn-apotheke.at\/katalog\/wp-json\/wp\/v2\/product\/47441","targetHints":{"allow":["GET"]}}],"collection":[{"href":"https:\/\/www.ernstbrunn-apotheke.at\/katalog\/wp-json\/wp\/v2\/product"}],"about":[{"href":"https:\/\/www.ernstbrunn-apotheke.at\/katalog\/wp-json\/wp\/v2\/types\/product"}],"wp:featuredmedia":[{"embeddable":true,"href":"https:\/\/www.ernstbrunn-apotheke.at\/katalog\/wp-json\/wp\/v2\/media\/47443"}],"wp:attachment":[{"href":"https:\/\/www.ernstbrunn-apotheke.at\/katalog\/wp-json\/wp\/v2\/media?parent=47441"}],"wp:term":[{"taxonomy":"product_brand","embeddable":true,"href":"https:\/\/www.ernstbrunn-apotheke.at\/katalog\/wp-json\/wp\/v2\/product_brand?post=47441"},{"taxonomy":"product_cat","embeddable":true,"href":"https:\/\/www.ernstbrunn-apotheke.at\/katalog\/wp-json\/wp\/v2\/product_cat?post=47441"},{"taxonomy":"product_tag","embeddable":true,"href":"https:\/\/www.ernstbrunn-apotheke.at\/katalog\/wp-json\/wp\/v2\/product_tag?post=47441"}],"curies":[{"name":"wp","href":"https:\/\/api.w.org\/{rel}","templated":true}]}}