{"id":47412,"date":"2025-11-10T17:47:57","date_gmt":"2025-11-10T16:47:57","guid":{"rendered":"https:\/\/www.ernstbrunn-apotheke.at\/katalog\/produkt\/fertilovit-kapseln-90-stk-f-thy\/"},"modified":"2025-12-08T16:29:52","modified_gmt":"2025-12-08T15:29:52","slug":"fertilovit-kapseln-90-stk-f-thy","status":"publish","type":"product","link":"https:\/\/www.ernstbrunn-apotheke.at\/katalog\/produkt\/fertilovit-kapseln-90-stk-f-thy\/","title":{"rendered":"Fertilovit Kapseln 90 Stk. F Thy"},"content":{"rendered":"<p>Fertilovit\u00ae FTHY ist ein di\u00e4tetisches Lebensmittel f\u00fcr besondere medizinische Zwecke (erg\u00e4nzende bilanzierte Di\u00e4t), das speziell auf die Bed\u00fcrfnisse von Frauen mit Kinderwunsch und Autoimmunthyreoiditis (z.B. Typ Hashimoto) zugeschnitten ist \u2013 jetzt dieses und weitere Produkte stark preisreduziert online bestellen!<\/p>\n","protected":false},"excerpt":{"rendered":"<p>Fertilovit\u00ae FTHY ist ein di\u00e4tetisches Lebensmittel f\u00fcr besondere medizinische Zwecke (erg\u00e4nzende bilanzierte Di\u00e4t), das speziell auf die Bed\u00fcrfnisse von Frauen mit Kinderwunsch und Autoimmunthyreoiditis (z.B. Typ Hashimoto) zugeschnitten ist \u2013 jetzt dieses und weitere Produkte stark preisreduziert online bestellen!<\/p>\n","protected":false},"featured_media":47414,"template":"","meta":{"_acf_changed":false},"product_brand":[],"product_cat":[809],"product_tag":[],"class_list":{"0":"post-47412","1":"product","2":"type-product","3":"status-publish","4":"has-post-thumbnail","6":"product_cat-f","7":"pa_packungsgroesse-90-stueck","9":"first","10":"instock","11":"shipping-taxable","12":"purchasable","13":"product-type-simple"},"acf":[],"_links":{"self":[{"href":"https:\/\/www.ernstbrunn-apotheke.at\/katalog\/wp-json\/wp\/v2\/product\/47412","targetHints":{"allow":["GET"]}}],"collection":[{"href":"https:\/\/www.ernstbrunn-apotheke.at\/katalog\/wp-json\/wp\/v2\/product"}],"about":[{"href":"https:\/\/www.ernstbrunn-apotheke.at\/katalog\/wp-json\/wp\/v2\/types\/product"}],"wp:featuredmedia":[{"embeddable":true,"href":"https:\/\/www.ernstbrunn-apotheke.at\/katalog\/wp-json\/wp\/v2\/media\/47414"}],"wp:attachment":[{"href":"https:\/\/www.ernstbrunn-apotheke.at\/katalog\/wp-json\/wp\/v2\/media?parent=47412"}],"wp:term":[{"taxonomy":"product_brand","embeddable":true,"href":"https:\/\/www.ernstbrunn-apotheke.at\/katalog\/wp-json\/wp\/v2\/product_brand?post=47412"},{"taxonomy":"product_cat","embeddable":true,"href":"https:\/\/www.ernstbrunn-apotheke.at\/katalog\/wp-json\/wp\/v2\/product_cat?post=47412"},{"taxonomy":"product_tag","embeddable":true,"href":"https:\/\/www.ernstbrunn-apotheke.at\/katalog\/wp-json\/wp\/v2\/product_tag?post=47412"}],"curies":[{"name":"wp","href":"https:\/\/api.w.org\/{rel}","templated":true}]}}