{"id":47343,"date":"2025-11-10T17:46:50","date_gmt":"2025-11-10T16:46:50","guid":{"rendered":"https:\/\/www.ernstbrunn-apotheke.at\/katalog\/produkt\/fertilovit-kapseln-90-stk-f\/"},"modified":"2025-12-08T16:29:36","modified_gmt":"2025-12-08T15:29:36","slug":"fertilovit-kapseln-90-stk-f","status":"publish","type":"product","link":"https:\/\/www.ernstbrunn-apotheke.at\/katalog\/produkt\/fertilovit-kapseln-90-stk-f\/","title":{"rendered":"Fertilovit Kapseln 90 Stk. F"},"content":{"rendered":"<p>Fertilovit\u00ae F ist ein Nahrungserg\u00e4nzungsmittel, das Ihren K\u00f6rper durch seine spezielle Zusammensetzung optimal auf eine bevorstehende Schwangerschaft vorbereiten kann, um Ihrem Baby einen guten Start ins Leben zu erm\u00f6glichen. Es enth\u00e4lt hochdosierte Fols\u00e4ure in Kombination mit einer Rundumversorgung mit allen wichtigen Vitaminen und Mineralstoffen. F\u00fcr optimalen Schutz vor oxidativem Stress sorgt Vitamin C mit zeitverz\u00f6gerter Freisetzung.<\/p>\n","protected":false},"excerpt":{"rendered":"<p>Fertilovit\u00ae F ist ein Nahrungserg\u00e4nzungsmittel, das Ihren K\u00f6rper durch seine spezielle Zusammensetzung optimal auf eine bevorstehende Schwangerschaft vorbereiten kann, um Ihrem Baby einen guten Start ins Leben zu erm\u00f6glichen. Es enth\u00e4lt hochdosierte Fols\u00e4ure in Kombination mit einer Rundumversorgung mit allen wichtigen Vitaminen und Mineralstoffen. F\u00fcr optimalen Schutz vor oxidativem Stress sorgt Vitamin C mit zeitverz\u00f6gerter [&hellip;]<\/p>\n","protected":false},"featured_media":47345,"template":"","meta":{"_acf_changed":false},"product_brand":[],"product_cat":[809],"product_tag":[],"class_list":{"0":"post-47343","1":"product","2":"type-product","3":"status-publish","4":"has-post-thumbnail","6":"product_cat-f","7":"pa_packungsgroesse-90-stueck","9":"first","10":"instock","11":"shipping-taxable","12":"purchasable","13":"product-type-simple"},"acf":[],"_links":{"self":[{"href":"https:\/\/www.ernstbrunn-apotheke.at\/katalog\/wp-json\/wp\/v2\/product\/47343","targetHints":{"allow":["GET"]}}],"collection":[{"href":"https:\/\/www.ernstbrunn-apotheke.at\/katalog\/wp-json\/wp\/v2\/product"}],"about":[{"href":"https:\/\/www.ernstbrunn-apotheke.at\/katalog\/wp-json\/wp\/v2\/types\/product"}],"wp:featuredmedia":[{"embeddable":true,"href":"https:\/\/www.ernstbrunn-apotheke.at\/katalog\/wp-json\/wp\/v2\/media\/47345"}],"wp:attachment":[{"href":"https:\/\/www.ernstbrunn-apotheke.at\/katalog\/wp-json\/wp\/v2\/media?parent=47343"}],"wp:term":[{"taxonomy":"product_brand","embeddable":true,"href":"https:\/\/www.ernstbrunn-apotheke.at\/katalog\/wp-json\/wp\/v2\/product_brand?post=47343"},{"taxonomy":"product_cat","embeddable":true,"href":"https:\/\/www.ernstbrunn-apotheke.at\/katalog\/wp-json\/wp\/v2\/product_cat?post=47343"},{"taxonomy":"product_tag","embeddable":true,"href":"https:\/\/www.ernstbrunn-apotheke.at\/katalog\/wp-json\/wp\/v2\/product_tag?post=47343"}],"curies":[{"name":"wp","href":"https:\/\/api.w.org\/{rel}","templated":true}]}}