{"id":47294,"date":"2025-11-10T17:45:44","date_gmt":"2025-11-10T16:45:44","guid":{"rendered":"https:\/\/www.ernstbrunn-apotheke.at\/katalog\/produkt\/milupa-aptamil-ha-pre-fluessig-90-ml\/"},"modified":"2025-12-08T16:29:26","modified_gmt":"2025-12-08T15:29:26","slug":"milupa-aptamil-ha-pre-fluessig-90-ml","status":"publish","type":"product","link":"https:\/\/www.ernstbrunn-apotheke.at\/katalog\/produkt\/milupa-aptamil-ha-pre-fluessig-90-ml\/","title":{"rendered":"Milupa Aptamil Ha Pre fl\u00fcssig 90 ml"},"content":{"rendered":"<p>Aptamil HA Pre eignet sich von Geburt an zum Zuf\u00fcttern oder zur alleinige Ern\u00e4hrung. Wenn nicht gestillt wird, so eignet sich Aptamil HA als allergenarme Ern\u00e4hrung und reduziert das Auftreten von Allergien.<\/p>\n","protected":false},"excerpt":{"rendered":"<p>Aptamil HA Pre eignet sich von Geburt an zum Zuf\u00fcttern oder zur alleinige Ern\u00e4hrung. Wenn nicht gestillt wird, so eignet sich Aptamil HA als allergenarme Ern\u00e4hrung und reduziert das Auftreten von Allergien.<\/p>\n","protected":false},"featured_media":47296,"template":"","meta":{"_acf_changed":false},"product_brand":[1021],"product_cat":[800],"product_tag":[],"class_list":{"0":"post-47294","1":"product","2":"type-product","3":"status-publish","4":"has-post-thumbnail","6":"product_brand-milupa","7":"product_cat-m","8":"pa_packungsgroesse-24-stueck","10":"first","11":"instock","12":"shipping-taxable","13":"purchasable","14":"product-type-simple"},"acf":[],"_links":{"self":[{"href":"https:\/\/www.ernstbrunn-apotheke.at\/katalog\/wp-json\/wp\/v2\/product\/47294","targetHints":{"allow":["GET"]}}],"collection":[{"href":"https:\/\/www.ernstbrunn-apotheke.at\/katalog\/wp-json\/wp\/v2\/product"}],"about":[{"href":"https:\/\/www.ernstbrunn-apotheke.at\/katalog\/wp-json\/wp\/v2\/types\/product"}],"wp:featuredmedia":[{"embeddable":true,"href":"https:\/\/www.ernstbrunn-apotheke.at\/katalog\/wp-json\/wp\/v2\/media\/47296"}],"wp:attachment":[{"href":"https:\/\/www.ernstbrunn-apotheke.at\/katalog\/wp-json\/wp\/v2\/media?parent=47294"}],"wp:term":[{"taxonomy":"product_brand","embeddable":true,"href":"https:\/\/www.ernstbrunn-apotheke.at\/katalog\/wp-json\/wp\/v2\/product_brand?post=47294"},{"taxonomy":"product_cat","embeddable":true,"href":"https:\/\/www.ernstbrunn-apotheke.at\/katalog\/wp-json\/wp\/v2\/product_cat?post=47294"},{"taxonomy":"product_tag","embeddable":true,"href":"https:\/\/www.ernstbrunn-apotheke.at\/katalog\/wp-json\/wp\/v2\/product_tag?post=47294"}],"curies":[{"name":"wp","href":"https:\/\/api.w.org\/{rel}","templated":true}]}}