{"id":47250,"date":"2025-11-10T17:45:10","date_gmt":"2025-11-10T16:45:10","guid":{"rendered":"https:\/\/www.ernstbrunn-apotheke.at\/katalog\/produkt\/weleda-calendula-pflegecreme-75ml\/"},"modified":"2025-12-08T16:29:16","modified_gmt":"2025-12-08T15:29:16","slug":"weleda-calendula-pflegecreme-75ml","status":"publish","type":"product","link":"https:\/\/www.ernstbrunn-apotheke.at\/katalog\/produkt\/weleda-calendula-pflegecreme-75ml\/","title":{"rendered":"Weleda Calendula Pflegecreme 75ml"},"content":{"rendered":"<p>Die Weleda Calendula-Pflegecreme ist ideal f\u00fcr die t\u00e4gliche K\u00f6rperpflege von Babys und Kindern. Die reichhaltige Pflegecreme mit sorgf\u00e4ltig ausgew\u00e4hlten Natursubstanzen sch\u00fctzt zarte Haut und h\u00e4lt sie samtig weich. Ein wertvoller Auszug aus Bio-Calendula beruhigt die Haut  hautverwandtes Wollwachs bildet einen zuverl\u00e4ssigen Schutz vor dem Austrocknen. Die mild duftende Creme eignet sich auch sehr gut f\u00fcr die Pflege trockener Hautstellen. Auch im Windelbereich anwendbar, wenn keine n\u00e4ssebedingte Entz\u00fcndungsneigung besteht.<\/p>\n","protected":false},"excerpt":{"rendered":"<p>Die Weleda Calendula-Pflegecreme ist ideal f\u00fcr die t\u00e4gliche K\u00f6rperpflege von Babys und Kindern. Die reichhaltige Pflegecreme mit sorgf\u00e4ltig ausgew\u00e4hlten Natursubstanzen sch\u00fctzt zarte Haut und h\u00e4lt sie samtig weich. Ein wertvoller Auszug aus Bio-Calendula beruhigt die Haut hautverwandtes Wollwachs bildet einen zuverl\u00e4ssigen Schutz vor dem Austrocknen. Die mild duftende Creme eignet sich auch sehr gut f\u00fcr [&hellip;]<\/p>\n","protected":false},"featured_media":47252,"template":"","meta":{"_acf_changed":false},"product_brand":[567],"product_cat":[796],"product_tag":[],"class_list":{"0":"post-47250","1":"product","2":"type-product","3":"status-publish","4":"has-post-thumbnail","6":"product_brand-weleda","7":"product_cat-w","8":"pa_packungsgroesse-75ml","10":"first","11":"instock","12":"shipping-taxable","13":"purchasable","14":"product-type-simple"},"acf":[],"_links":{"self":[{"href":"https:\/\/www.ernstbrunn-apotheke.at\/katalog\/wp-json\/wp\/v2\/product\/47250","targetHints":{"allow":["GET"]}}],"collection":[{"href":"https:\/\/www.ernstbrunn-apotheke.at\/katalog\/wp-json\/wp\/v2\/product"}],"about":[{"href":"https:\/\/www.ernstbrunn-apotheke.at\/katalog\/wp-json\/wp\/v2\/types\/product"}],"wp:featuredmedia":[{"embeddable":true,"href":"https:\/\/www.ernstbrunn-apotheke.at\/katalog\/wp-json\/wp\/v2\/media\/47252"}],"wp:attachment":[{"href":"https:\/\/www.ernstbrunn-apotheke.at\/katalog\/wp-json\/wp\/v2\/media?parent=47250"}],"wp:term":[{"taxonomy":"product_brand","embeddable":true,"href":"https:\/\/www.ernstbrunn-apotheke.at\/katalog\/wp-json\/wp\/v2\/product_brand?post=47250"},{"taxonomy":"product_cat","embeddable":true,"href":"https:\/\/www.ernstbrunn-apotheke.at\/katalog\/wp-json\/wp\/v2\/product_cat?post=47250"},{"taxonomy":"product_tag","embeddable":true,"href":"https:\/\/www.ernstbrunn-apotheke.at\/katalog\/wp-json\/wp\/v2\/product_tag?post=47250"}],"curies":[{"name":"wp","href":"https:\/\/api.w.org\/{rel}","templated":true}]}}