{"id":47205,"date":"2025-11-10T17:43:42","date_gmt":"2025-11-10T16:43:42","guid":{"rendered":"https:\/\/www.ernstbrunn-apotheke.at\/katalog\/produkt\/milupa-aptamil-pre-fluessig-90-ml\/"},"modified":"2025-12-08T16:29:08","modified_gmt":"2025-12-08T15:29:08","slug":"milupa-aptamil-pre-fluessig-90-ml","status":"publish","type":"product","link":"https:\/\/www.ernstbrunn-apotheke.at\/katalog\/produkt\/milupa-aptamil-pre-fluessig-90-ml\/","title":{"rendered":"Milupa Aptamil Pre fl\u00fcssig 90 ml"},"content":{"rendered":"<p>Aptamil Pre ist genau auf die Ern\u00e4hrungsbed\u00fcrfnisse Ihres Babys von Geburt an abgestimmt und unterst\u00fctzt seine gesunde Entwicklung.Nach dem Vorbild der Mutterlich mit patentierten GOS\/FOS und mit LCP Milupan\u00ae \u2013 alle Produkte von Milupa jetzt mit hohem Rabatt sichern!<\/p>\n","protected":false},"excerpt":{"rendered":"<p>Aptamil Pre ist genau auf die Ern\u00e4hrungsbed\u00fcrfnisse Ihres Babys von Geburt an abgestimmt und unterst\u00fctzt seine gesunde Entwicklung.Nach dem Vorbild der Mutterlich mit patentierten GOS\/FOS und mit LCP Milupan\u00ae \u2013 alle Produkte von Milupa jetzt mit hohem Rabatt sichern!<\/p>\n","protected":false},"featured_media":47207,"template":"","meta":{"_acf_changed":false},"product_brand":[1021],"product_cat":[800],"product_tag":[],"class_list":{"0":"post-47205","1":"product","2":"type-product","3":"status-publish","4":"has-post-thumbnail","6":"product_brand-milupa","7":"product_cat-m","8":"pa_packungsgroesse-24-stueck","10":"first","11":"instock","12":"shipping-taxable","13":"purchasable","14":"product-type-simple"},"acf":[],"_links":{"self":[{"href":"https:\/\/www.ernstbrunn-apotheke.at\/katalog\/wp-json\/wp\/v2\/product\/47205","targetHints":{"allow":["GET"]}}],"collection":[{"href":"https:\/\/www.ernstbrunn-apotheke.at\/katalog\/wp-json\/wp\/v2\/product"}],"about":[{"href":"https:\/\/www.ernstbrunn-apotheke.at\/katalog\/wp-json\/wp\/v2\/types\/product"}],"wp:featuredmedia":[{"embeddable":true,"href":"https:\/\/www.ernstbrunn-apotheke.at\/katalog\/wp-json\/wp\/v2\/media\/47207"}],"wp:attachment":[{"href":"https:\/\/www.ernstbrunn-apotheke.at\/katalog\/wp-json\/wp\/v2\/media?parent=47205"}],"wp:term":[{"taxonomy":"product_brand","embeddable":true,"href":"https:\/\/www.ernstbrunn-apotheke.at\/katalog\/wp-json\/wp\/v2\/product_brand?post=47205"},{"taxonomy":"product_cat","embeddable":true,"href":"https:\/\/www.ernstbrunn-apotheke.at\/katalog\/wp-json\/wp\/v2\/product_cat?post=47205"},{"taxonomy":"product_tag","embeddable":true,"href":"https:\/\/www.ernstbrunn-apotheke.at\/katalog\/wp-json\/wp\/v2\/product_tag?post=47205"}],"curies":[{"name":"wp","href":"https:\/\/api.w.org\/{rel}","templated":true}]}}