{"id":47156,"date":"2025-11-10T17:43:03","date_gmt":"2025-11-10T16:43:03","guid":{"rendered":"https:\/\/www.ernstbrunn-apotheke.at\/katalog\/produkt\/mama-aua-creme-milchschorf-40-g\/"},"modified":"2025-12-08T16:29:01","modified_gmt":"2025-12-08T15:29:01","slug":"mama-aua-creme-milchschorf-40-g","status":"publish","type":"product","link":"https:\/\/www.ernstbrunn-apotheke.at\/katalog\/produkt\/mama-aua-creme-milchschorf-40-g\/","title":{"rendered":"Mama Aua! Creme Milchschorf 40 g"},"content":{"rendered":"<p>Mag. Nina Raidl \u00fcber ihre Mama Aua!-Produkte: &#8222;Ich habe die Rezepturen der MAMA AUA! Serie urspr\u00fcnglich nur f\u00fcr meine eigene Familie entwickelt, da ich das Wohlbefinden meiner Familie auf nat\u00fcrliche Weise unterst\u00fctzen wollte. Bald zeigten auch meine Freunde und dann Kunden meiner Apotheke gro\u00dfes Interesse an diesen Produkten f\u00fcr Gro\u00df und Klein und waren davon begeistert. Da die Nachfrage immer gr\u00f6\u00dfer wurde, habe ich mich entschlossen, die Produkte der MAMA AUA! Serie \u00f6sterreichweit zu vertreiben.&#8220;.<\/p>\n","protected":false},"excerpt":{"rendered":"<p>Mag. Nina Raidl \u00fcber ihre Mama Aua!-Produkte: &#8222;Ich habe die Rezepturen der MAMA AUA! Serie urspr\u00fcnglich nur f\u00fcr meine eigene Familie entwickelt, da ich das Wohlbefinden meiner Familie auf nat\u00fcrliche Weise unterst\u00fctzen wollte. Bald zeigten auch meine Freunde und dann Kunden meiner Apotheke gro\u00dfes Interesse an diesen Produkten f\u00fcr Gro\u00df und Klein und waren davon [&hellip;]<\/p>\n","protected":false},"featured_media":47158,"template":"","meta":{"_acf_changed":false},"product_brand":[1013],"product_cat":[800],"product_tag":[],"class_list":{"0":"post-47156","1":"product","2":"type-product","3":"status-publish","4":"has-post-thumbnail","6":"product_brand-mama-aua","7":"product_cat-m","8":"pa_packungsgroesse-30ml","10":"first","11":"instock","12":"shipping-taxable","13":"purchasable","14":"product-type-simple"},"acf":[],"_links":{"self":[{"href":"https:\/\/www.ernstbrunn-apotheke.at\/katalog\/wp-json\/wp\/v2\/product\/47156","targetHints":{"allow":["GET"]}}],"collection":[{"href":"https:\/\/www.ernstbrunn-apotheke.at\/katalog\/wp-json\/wp\/v2\/product"}],"about":[{"href":"https:\/\/www.ernstbrunn-apotheke.at\/katalog\/wp-json\/wp\/v2\/types\/product"}],"wp:featuredmedia":[{"embeddable":true,"href":"https:\/\/www.ernstbrunn-apotheke.at\/katalog\/wp-json\/wp\/v2\/media\/47158"}],"wp:attachment":[{"href":"https:\/\/www.ernstbrunn-apotheke.at\/katalog\/wp-json\/wp\/v2\/media?parent=47156"}],"wp:term":[{"taxonomy":"product_brand","embeddable":true,"href":"https:\/\/www.ernstbrunn-apotheke.at\/katalog\/wp-json\/wp\/v2\/product_brand?post=47156"},{"taxonomy":"product_cat","embeddable":true,"href":"https:\/\/www.ernstbrunn-apotheke.at\/katalog\/wp-json\/wp\/v2\/product_cat?post=47156"},{"taxonomy":"product_tag","embeddable":true,"href":"https:\/\/www.ernstbrunn-apotheke.at\/katalog\/wp-json\/wp\/v2\/product_tag?post=47156"}],"curies":[{"name":"wp","href":"https:\/\/api.w.org\/{rel}","templated":true}]}}