{"id":47075,"date":"2025-11-10T17:41:41","date_gmt":"2025-11-10T16:41:41","guid":{"rendered":"https:\/\/www.ernstbrunn-apotheke.at\/katalog\/produkt\/weleda-damm-massageoel-50-ml\/"},"modified":"2025-12-08T16:28:46","modified_gmt":"2025-12-08T15:28:46","slug":"weleda-damm-massageoel-50-ml","status":"publish","type":"product","link":"https:\/\/www.ernstbrunn-apotheke.at\/katalog\/produkt\/weleda-damm-massageoel-50-ml\/","title":{"rendered":"Weleda Damm Massage\u00f6l 50 ml"},"content":{"rendered":"<p>WELEDA\u00ae Damm Massage\u00f6l bereitet auf die Geburt vor. Regelm\u00e4\u00dfig angewendet ab der 34. Schwangerschaftswoche, macht das Damm-Massage\u00f6l das Gewebe weich und dehnungsf\u00e4hig.<\/p>\n","protected":false},"excerpt":{"rendered":"<p>WELEDA\u00ae Damm Massage\u00f6l bereitet auf die Geburt vor. Regelm\u00e4\u00dfig angewendet ab der 34. Schwangerschaftswoche, macht das Damm-Massage\u00f6l das Gewebe weich und dehnungsf\u00e4hig.<\/p>\n","protected":false},"featured_media":47077,"template":"","meta":{"_acf_changed":false},"product_brand":[567],"product_cat":[796],"product_tag":[],"class_list":{"0":"post-47075","1":"product","2":"type-product","3":"status-publish","4":"has-post-thumbnail","6":"product_brand-weleda","7":"product_cat-w","8":"pa_packungsgroesse-50ml","10":"first","11":"instock","12":"shipping-taxable","13":"purchasable","14":"product-type-simple"},"acf":[],"_links":{"self":[{"href":"https:\/\/www.ernstbrunn-apotheke.at\/katalog\/wp-json\/wp\/v2\/product\/47075","targetHints":{"allow":["GET"]}}],"collection":[{"href":"https:\/\/www.ernstbrunn-apotheke.at\/katalog\/wp-json\/wp\/v2\/product"}],"about":[{"href":"https:\/\/www.ernstbrunn-apotheke.at\/katalog\/wp-json\/wp\/v2\/types\/product"}],"wp:featuredmedia":[{"embeddable":true,"href":"https:\/\/www.ernstbrunn-apotheke.at\/katalog\/wp-json\/wp\/v2\/media\/47077"}],"wp:attachment":[{"href":"https:\/\/www.ernstbrunn-apotheke.at\/katalog\/wp-json\/wp\/v2\/media?parent=47075"}],"wp:term":[{"taxonomy":"product_brand","embeddable":true,"href":"https:\/\/www.ernstbrunn-apotheke.at\/katalog\/wp-json\/wp\/v2\/product_brand?post=47075"},{"taxonomy":"product_cat","embeddable":true,"href":"https:\/\/www.ernstbrunn-apotheke.at\/katalog\/wp-json\/wp\/v2\/product_cat?post=47075"},{"taxonomy":"product_tag","embeddable":true,"href":"https:\/\/www.ernstbrunn-apotheke.at\/katalog\/wp-json\/wp\/v2\/product_tag?post=47075"}],"curies":[{"name":"wp","href":"https:\/\/api.w.org\/{rel}","templated":true}]}}