{"id":47045,"date":"2025-11-10T17:41:14","date_gmt":"2025-11-10T16:41:14","guid":{"rendered":"https:\/\/www.ernstbrunn-apotheke.at\/katalog\/produkt\/orthomol-natal-tabletten-und-kapseln-30-stk\/"},"modified":"2025-12-08T16:28:39","modified_gmt":"2025-12-08T15:28:39","slug":"orthomol-natal-tabletten-und-kapseln-30-stk","status":"publish","type":"product","link":"https:\/\/www.ernstbrunn-apotheke.at\/katalog\/produkt\/orthomol-natal-tabletten-und-kapseln-30-stk\/","title":{"rendered":"Orthomol Natal Tabletten und Kapseln 30 Stk."},"content":{"rendered":"<p>Orthomol Natal\u00ae Tabletten und Kapseln 30 Stk. ist ein Nahrungserg\u00e4nzungsmittel mit wichtigen N\u00e4hrstoffe f\u00fcr die Entwicklung des Kindes w\u00e4hrend Schwangerschaft und Stillzeit sowie bei Kinderwunsch. Fols\u00e4ure leistet einen Beitrag zum normalen m\u00fctterlichen Gewebewachstum in der Schwangerschaft. Zink tr\u00e4gt zu einer normalen Fruchtbarkeit und Fortpflanzung bei. Die erg\u00e4nzende Aufnahme von Fols\u00e4ure erh\u00f6ht bei Schwangeren den Folatspiegel. Ein niedriger Folatspiegel ist bei Schwangeren ein Risikofaktor f\u00fcr die Entstehung von Neuralrohrdefekten beim heranwachsenden F\u00f6tus. Eisen tr\u00e4gt zu einer normalen Bildung von roten Blutk\u00f6rperchen und H\u00e4moglobin bei. Calcium, Magnesium, Zink, Eisen, Vitamin D, Vitamin B12 und Fols\u00e4ure haben eine Funktion bei der Zellteilung. Vitamin C, Vitamin B6, Vitamin B12, Vitamin D, Fols\u00e4ure, Eisen, Zink, Selen und Kupfer tragen zu einer normalen Funktion des Immunsystems bei<\/p>\n","protected":false},"excerpt":{"rendered":"<p>Orthomol Natal\u00ae Tabletten und Kapseln 30 Stk. ist ein Nahrungserg\u00e4nzungsmittel mit wichtigen N\u00e4hrstoffe f\u00fcr die Entwicklung des Kindes w\u00e4hrend Schwangerschaft und Stillzeit sowie bei Kinderwunsch. Fols\u00e4ure leistet einen Beitrag zum normalen m\u00fctterlichen Gewebewachstum in der Schwangerschaft. Zink tr\u00e4gt zu einer normalen Fruchtbarkeit und Fortpflanzung bei. Die erg\u00e4nzende Aufnahme von Fols\u00e4ure erh\u00f6ht bei Schwangeren den Folatspiegel. [&hellip;]<\/p>\n","protected":false},"featured_media":47047,"template":"","meta":{"_acf_changed":false},"product_brand":[387],"product_cat":[819],"product_tag":[],"class_list":{"0":"post-47045","1":"product","2":"type-product","3":"status-publish","4":"has-post-thumbnail","6":"product_brand-orthomol","7":"product_cat-o","8":"pa_packungsgroesse-30-stueck","10":"first","11":"instock","12":"shipping-taxable","13":"purchasable","14":"product-type-simple"},"acf":[],"_links":{"self":[{"href":"https:\/\/www.ernstbrunn-apotheke.at\/katalog\/wp-json\/wp\/v2\/product\/47045","targetHints":{"allow":["GET"]}}],"collection":[{"href":"https:\/\/www.ernstbrunn-apotheke.at\/katalog\/wp-json\/wp\/v2\/product"}],"about":[{"href":"https:\/\/www.ernstbrunn-apotheke.at\/katalog\/wp-json\/wp\/v2\/types\/product"}],"wp:featuredmedia":[{"embeddable":true,"href":"https:\/\/www.ernstbrunn-apotheke.at\/katalog\/wp-json\/wp\/v2\/media\/47047"}],"wp:attachment":[{"href":"https:\/\/www.ernstbrunn-apotheke.at\/katalog\/wp-json\/wp\/v2\/media?parent=47045"}],"wp:term":[{"taxonomy":"product_brand","embeddable":true,"href":"https:\/\/www.ernstbrunn-apotheke.at\/katalog\/wp-json\/wp\/v2\/product_brand?post=47045"},{"taxonomy":"product_cat","embeddable":true,"href":"https:\/\/www.ernstbrunn-apotheke.at\/katalog\/wp-json\/wp\/v2\/product_cat?post=47045"},{"taxonomy":"product_tag","embeddable":true,"href":"https:\/\/www.ernstbrunn-apotheke.at\/katalog\/wp-json\/wp\/v2\/product_tag?post=47045"}],"curies":[{"name":"wp","href":"https:\/\/api.w.org\/{rel}","templated":true}]}}