{"id":47038,"date":"2025-11-10T17:41:14","date_gmt":"2025-11-10T16:41:14","guid":{"rendered":"https:\/\/www.ernstbrunn-apotheke.at\/katalog\/produkt\/milupa-aptamil-frauenmilchsupplement-fms-200-g\/"},"modified":"2025-12-08T16:28:38","modified_gmt":"2025-12-08T15:28:38","slug":"milupa-aptamil-frauenmilchsupplement-fms-200-g","status":"publish","type":"product","link":"https:\/\/www.ernstbrunn-apotheke.at\/katalog\/produkt\/milupa-aptamil-frauenmilchsupplement-fms-200-g\/","title":{"rendered":"Milupa Aptamil FrauenMilchSupplement (FMS) 200 g"},"content":{"rendered":"<p>Aptamil FMS ist zur Anreicherung von Frauenmilch f\u00fcr die Ern\u00e4hrung von Fr\u00fch- und Neugeborenen mit niedrigen Geburtsgewicht geeignet. Durch den Zusatz von Aptamil FMS wird die nat\u00fcrliche Zusammensetzung von Frauenmilch dem besonderen N\u00e4hrstoffbedarf von Fr\u00fchgeborenen angepasst<\/p>\n","protected":false},"excerpt":{"rendered":"<p>Aptamil FMS ist zur Anreicherung von Frauenmilch f\u00fcr die Ern\u00e4hrung von Fr\u00fch- und Neugeborenen mit niedrigen Geburtsgewicht geeignet. Durch den Zusatz von Aptamil FMS wird die nat\u00fcrliche Zusammensetzung von Frauenmilch dem besonderen N\u00e4hrstoffbedarf von Fr\u00fchgeborenen angepasst<\/p>\n","protected":false},"featured_media":47040,"template":"","meta":{"_acf_changed":false},"product_brand":[1021],"product_cat":[800],"product_tag":[],"class_list":{"0":"post-47038","1":"product","2":"type-product","3":"status-publish","4":"has-post-thumbnail","6":"product_brand-milupa","7":"product_cat-m","8":"pa_packungsgroesse-200g","10":"first","11":"instock","12":"shipping-taxable","13":"purchasable","14":"product-type-simple"},"acf":[],"_links":{"self":[{"href":"https:\/\/www.ernstbrunn-apotheke.at\/katalog\/wp-json\/wp\/v2\/product\/47038","targetHints":{"allow":["GET"]}}],"collection":[{"href":"https:\/\/www.ernstbrunn-apotheke.at\/katalog\/wp-json\/wp\/v2\/product"}],"about":[{"href":"https:\/\/www.ernstbrunn-apotheke.at\/katalog\/wp-json\/wp\/v2\/types\/product"}],"wp:featuredmedia":[{"embeddable":true,"href":"https:\/\/www.ernstbrunn-apotheke.at\/katalog\/wp-json\/wp\/v2\/media\/47040"}],"wp:attachment":[{"href":"https:\/\/www.ernstbrunn-apotheke.at\/katalog\/wp-json\/wp\/v2\/media?parent=47038"}],"wp:term":[{"taxonomy":"product_brand","embeddable":true,"href":"https:\/\/www.ernstbrunn-apotheke.at\/katalog\/wp-json\/wp\/v2\/product_brand?post=47038"},{"taxonomy":"product_cat","embeddable":true,"href":"https:\/\/www.ernstbrunn-apotheke.at\/katalog\/wp-json\/wp\/v2\/product_cat?post=47038"},{"taxonomy":"product_tag","embeddable":true,"href":"https:\/\/www.ernstbrunn-apotheke.at\/katalog\/wp-json\/wp\/v2\/product_tag?post=47038"}],"curies":[{"name":"wp","href":"https:\/\/api.w.org\/{rel}","templated":true}]}}