{"id":47025,"date":"2025-11-10T17:40:34","date_gmt":"2025-11-10T16:40:34","guid":{"rendered":"https:\/\/www.ernstbrunn-apotheke.at\/katalog\/produkt\/weleda-baby-baeuchleinoel-50-ml\/"},"modified":"2025-12-08T16:28:35","modified_gmt":"2025-12-08T15:28:35","slug":"weleda-baby-baeuchleinoel-50-ml","status":"publish","type":"product","link":"https:\/\/www.ernstbrunn-apotheke.at\/katalog\/produkt\/weleda-baby-baeuchleinoel-50-ml\/","title":{"rendered":"Weleda Baby-B\u00e4uchlein\u00f6l 50 ml"},"content":{"rendered":"<p>Das WELEDA Baby-B\u00e4uchlein\u00f6l (Mandel\u00f6l) ist ideal f\u00fcr entspannende Bauchmassagen. Die nat\u00fcrlichen \u00e4therischen \u00d6le von Majoran, r\u00f6mischer Kamille und Kardamom werden traditionell zur Verdauungsf\u00f6rderung eingesetzt. Eine vorbeugende, sanft pflegende Bauchmassage mit dem WELEDA Baby-B\u00e4uchlein\u00f6l kann vor unangenehmen Winden bewahren.<\/p>\n","protected":false},"excerpt":{"rendered":"<p>Das WELEDA Baby-B\u00e4uchlein\u00f6l (Mandel\u00f6l) ist ideal f\u00fcr entspannende Bauchmassagen. Die nat\u00fcrlichen \u00e4therischen \u00d6le von Majoran, r\u00f6mischer Kamille und Kardamom werden traditionell zur Verdauungsf\u00f6rderung eingesetzt. Eine vorbeugende, sanft pflegende Bauchmassage mit dem WELEDA Baby-B\u00e4uchlein\u00f6l kann vor unangenehmen Winden bewahren.<\/p>\n","protected":false},"featured_media":47027,"template":"","meta":{"_acf_changed":false},"product_brand":[567],"product_cat":[796],"product_tag":[],"class_list":{"0":"post-47025","1":"product","2":"type-product","3":"status-publish","4":"has-post-thumbnail","6":"product_brand-weleda","7":"product_cat-w","8":"pa_packungsgroesse-50ml","10":"first","11":"instock","12":"shipping-taxable","13":"purchasable","14":"product-type-simple"},"acf":[],"_links":{"self":[{"href":"https:\/\/www.ernstbrunn-apotheke.at\/katalog\/wp-json\/wp\/v2\/product\/47025","targetHints":{"allow":["GET"]}}],"collection":[{"href":"https:\/\/www.ernstbrunn-apotheke.at\/katalog\/wp-json\/wp\/v2\/product"}],"about":[{"href":"https:\/\/www.ernstbrunn-apotheke.at\/katalog\/wp-json\/wp\/v2\/types\/product"}],"wp:featuredmedia":[{"embeddable":true,"href":"https:\/\/www.ernstbrunn-apotheke.at\/katalog\/wp-json\/wp\/v2\/media\/47027"}],"wp:attachment":[{"href":"https:\/\/www.ernstbrunn-apotheke.at\/katalog\/wp-json\/wp\/v2\/media?parent=47025"}],"wp:term":[{"taxonomy":"product_brand","embeddable":true,"href":"https:\/\/www.ernstbrunn-apotheke.at\/katalog\/wp-json\/wp\/v2\/product_brand?post=47025"},{"taxonomy":"product_cat","embeddable":true,"href":"https:\/\/www.ernstbrunn-apotheke.at\/katalog\/wp-json\/wp\/v2\/product_cat?post=47025"},{"taxonomy":"product_tag","embeddable":true,"href":"https:\/\/www.ernstbrunn-apotheke.at\/katalog\/wp-json\/wp\/v2\/product_tag?post=47025"}],"curies":[{"name":"wp","href":"https:\/\/api.w.org\/{rel}","templated":true}]}}