{"id":46993,"date":"2025-11-10T17:39:55","date_gmt":"2025-11-10T16:39:55","guid":{"rendered":"https:\/\/www.ernstbrunn-apotheke.at\/katalog\/produkt\/gengigel-erste-zaehnchen\/"},"modified":"2025-12-08T16:28:29","modified_gmt":"2025-12-08T15:28:29","slug":"gengigel-erste-zaehnchen","status":"publish","type":"product","link":"https:\/\/www.ernstbrunn-apotheke.at\/katalog\/produkt\/gengigel-erste-zaehnchen\/","title":{"rendered":"Gengigel erste Z\u00e4hnchen"},"content":{"rendered":"<p>Gengigel Erst Z\u00e4hnchen lindert die Schmerzen beim Zahnen und zaubert ein L\u00e4cheln ins Gesicht.Gengigel Erste Z\u00e4hnchenheilt das Zahnfleisch rasch und effektiv, wenn Schmerzen und Schwellungen beim Zahndurchbruch auftreten. Klinische Studien haben bewiesen, dass das neueGengigelErste Z\u00e4hnchenSymptome lindert, die begleitend beim Zahndurchbruch auftreten. Es verbessert die Elastizit\u00e4t des Zahnfleisches und beschleunigt die Regeneration des Zahnfleischgewebes. Es ist nicht gef\u00e4hrlich, wenn es verschluckt wird und enth\u00e4lt kein Alkohol.<\/p>\n","protected":false},"excerpt":{"rendered":"<p>Gengigel Erst Z\u00e4hnchen lindert die Schmerzen beim Zahnen und zaubert ein L\u00e4cheln ins Gesicht.Gengigel Erste Z\u00e4hnchenheilt das Zahnfleisch rasch und effektiv, wenn Schmerzen und Schwellungen beim Zahndurchbruch auftreten. Klinische Studien haben bewiesen, dass das neueGengigelErste Z\u00e4hnchenSymptome lindert, die begleitend beim Zahndurchbruch auftreten. Es verbessert die Elastizit\u00e4t des Zahnfleisches und beschleunigt die Regeneration des Zahnfleischgewebes. Es [&hellip;]<\/p>\n","protected":false},"featured_media":46995,"template":"","meta":{"_acf_changed":false},"product_brand":[874],"product_cat":[810],"product_tag":[],"class_list":{"0":"post-46993","1":"product","2":"type-product","3":"status-publish","4":"has-post-thumbnail","6":"product_brand-gengigel","7":"product_cat-g","8":"pa_packungsgroesse-20ml","10":"first","11":"instock","12":"shipping-taxable","13":"purchasable","14":"product-type-simple"},"acf":[],"_links":{"self":[{"href":"https:\/\/www.ernstbrunn-apotheke.at\/katalog\/wp-json\/wp\/v2\/product\/46993","targetHints":{"allow":["GET"]}}],"collection":[{"href":"https:\/\/www.ernstbrunn-apotheke.at\/katalog\/wp-json\/wp\/v2\/product"}],"about":[{"href":"https:\/\/www.ernstbrunn-apotheke.at\/katalog\/wp-json\/wp\/v2\/types\/product"}],"wp:featuredmedia":[{"embeddable":true,"href":"https:\/\/www.ernstbrunn-apotheke.at\/katalog\/wp-json\/wp\/v2\/media\/46995"}],"wp:attachment":[{"href":"https:\/\/www.ernstbrunn-apotheke.at\/katalog\/wp-json\/wp\/v2\/media?parent=46993"}],"wp:term":[{"taxonomy":"product_brand","embeddable":true,"href":"https:\/\/www.ernstbrunn-apotheke.at\/katalog\/wp-json\/wp\/v2\/product_brand?post=46993"},{"taxonomy":"product_cat","embeddable":true,"href":"https:\/\/www.ernstbrunn-apotheke.at\/katalog\/wp-json\/wp\/v2\/product_cat?post=46993"},{"taxonomy":"product_tag","embeddable":true,"href":"https:\/\/www.ernstbrunn-apotheke.at\/katalog\/wp-json\/wp\/v2\/product_tag?post=46993"}],"curies":[{"name":"wp","href":"https:\/\/api.w.org\/{rel}","templated":true}]}}