{"id":46978,"date":"2025-11-10T17:39:55","date_gmt":"2025-11-10T16:39:55","guid":{"rendered":"https:\/\/www.ernstbrunn-apotheke.at\/katalog\/produkt\/mama-aua-tropfen-hals-30-ml\/"},"modified":"2025-12-08T16:28:26","modified_gmt":"2025-12-08T15:28:26","slug":"mama-aua-tropfen-hals-30-ml","status":"publish","type":"product","link":"https:\/\/www.ernstbrunn-apotheke.at\/katalog\/produkt\/mama-aua-tropfen-hals-30-ml\/","title":{"rendered":"Mama-Aua! Tropfen Hals 30 ml"},"content":{"rendered":"<p>Mama-Aua! Tropfen Hals wirkt wohltuend f\u00fcr Hals und Rachen f\u00fcr die ganze Familie, f\u00fcr Gro\u00df und Klein.<\/p>\n","protected":false},"excerpt":{"rendered":"<p>Mama-Aua! Tropfen Hals wirkt wohltuend f\u00fcr Hals und Rachen f\u00fcr die ganze Familie, f\u00fcr Gro\u00df und Klein.<\/p>\n","protected":false},"featured_media":46980,"template":"","meta":{"_acf_changed":false},"product_brand":[1013],"product_cat":[800],"product_tag":[],"class_list":{"0":"post-46978","1":"product","2":"type-product","3":"status-publish","4":"has-post-thumbnail","6":"product_brand-mama-aua","7":"product_cat-m","8":"pa_packungsgroesse-10ml","9":"pa_packungsgroesse-30ml","11":"first","12":"instock","13":"shipping-taxable","14":"purchasable","15":"product-type-simple"},"acf":[],"_links":{"self":[{"href":"https:\/\/www.ernstbrunn-apotheke.at\/katalog\/wp-json\/wp\/v2\/product\/46978","targetHints":{"allow":["GET"]}}],"collection":[{"href":"https:\/\/www.ernstbrunn-apotheke.at\/katalog\/wp-json\/wp\/v2\/product"}],"about":[{"href":"https:\/\/www.ernstbrunn-apotheke.at\/katalog\/wp-json\/wp\/v2\/types\/product"}],"wp:featuredmedia":[{"embeddable":true,"href":"https:\/\/www.ernstbrunn-apotheke.at\/katalog\/wp-json\/wp\/v2\/media\/46980"}],"wp:attachment":[{"href":"https:\/\/www.ernstbrunn-apotheke.at\/katalog\/wp-json\/wp\/v2\/media?parent=46978"}],"wp:term":[{"taxonomy":"product_brand","embeddable":true,"href":"https:\/\/www.ernstbrunn-apotheke.at\/katalog\/wp-json\/wp\/v2\/product_brand?post=46978"},{"taxonomy":"product_cat","embeddable":true,"href":"https:\/\/www.ernstbrunn-apotheke.at\/katalog\/wp-json\/wp\/v2\/product_cat?post=46978"},{"taxonomy":"product_tag","embeddable":true,"href":"https:\/\/www.ernstbrunn-apotheke.at\/katalog\/wp-json\/wp\/v2\/product_tag?post=46978"}],"curies":[{"name":"wp","href":"https:\/\/api.w.org\/{rel}","templated":true}]}}