{"id":46964,"date":"2025-11-10T17:39:16","date_gmt":"2025-11-10T16:39:16","guid":{"rendered":"https:\/\/www.ernstbrunn-apotheke.at\/katalog\/produkt\/vital-nutrition-bockshornklee-kapseln-120-stk\/"},"modified":"2025-12-08T16:28:23","modified_gmt":"2025-12-08T15:28:23","slug":"vital-nutrition-bockshornklee-kapseln-120-stk","status":"publish","type":"product","link":"https:\/\/www.ernstbrunn-apotheke.at\/katalog\/produkt\/vital-nutrition-bockshornklee-kapseln-120-stk\/","title":{"rendered":"Vital Nutrition Bockshornklee Kapseln 120 Stk."},"content":{"rendered":"<p>Vital Nutrition Bockshornklee Kapseln nutzen die wertvollen Inhaltsstoffe des Bockshornklees um gegen mehrere Symptome und Beschwerden vorzugehen. So k\u00f6nnen die Kapseln gegen Haarausfall, Entz\u00fcndungen der Schleimh\u00e4ute, und andere Gebrechen eingenommen werden.<\/p>\n","protected":false},"excerpt":{"rendered":"<p>Vital Nutrition Bockshornklee Kapseln nutzen die wertvollen Inhaltsstoffe des Bockshornklees um gegen mehrere Symptome und Beschwerden vorzugehen. So k\u00f6nnen die Kapseln gegen Haarausfall, Entz\u00fcndungen der Schleimh\u00e4ute, und andere Gebrechen eingenommen werden.<\/p>\n","protected":false},"featured_media":46966,"template":"","meta":{"_acf_changed":false},"product_brand":[],"product_cat":[799],"product_tag":[],"class_list":{"0":"post-46964","1":"product","2":"type-product","3":"status-publish","4":"has-post-thumbnail","6":"product_cat-v","7":"pa_packungsgroesse-120-stueck","9":"first","10":"instock","11":"shipping-taxable","12":"purchasable","13":"product-type-simple"},"acf":[],"_links":{"self":[{"href":"https:\/\/www.ernstbrunn-apotheke.at\/katalog\/wp-json\/wp\/v2\/product\/46964","targetHints":{"allow":["GET"]}}],"collection":[{"href":"https:\/\/www.ernstbrunn-apotheke.at\/katalog\/wp-json\/wp\/v2\/product"}],"about":[{"href":"https:\/\/www.ernstbrunn-apotheke.at\/katalog\/wp-json\/wp\/v2\/types\/product"}],"wp:featuredmedia":[{"embeddable":true,"href":"https:\/\/www.ernstbrunn-apotheke.at\/katalog\/wp-json\/wp\/v2\/media\/46966"}],"wp:attachment":[{"href":"https:\/\/www.ernstbrunn-apotheke.at\/katalog\/wp-json\/wp\/v2\/media?parent=46964"}],"wp:term":[{"taxonomy":"product_brand","embeddable":true,"href":"https:\/\/www.ernstbrunn-apotheke.at\/katalog\/wp-json\/wp\/v2\/product_brand?post=46964"},{"taxonomy":"product_cat","embeddable":true,"href":"https:\/\/www.ernstbrunn-apotheke.at\/katalog\/wp-json\/wp\/v2\/product_cat?post=46964"},{"taxonomy":"product_tag","embeddable":true,"href":"https:\/\/www.ernstbrunn-apotheke.at\/katalog\/wp-json\/wp\/v2\/product_tag?post=46964"}],"curies":[{"name":"wp","href":"https:\/\/api.w.org\/{rel}","templated":true}]}}