{"id":46921,"date":"2025-11-10T17:38:20","date_gmt":"2025-11-10T16:38:20","guid":{"rendered":"https:\/\/www.ernstbrunn-apotheke.at\/katalog\/produkt\/lasepton-dusche-shampoo-300-ml\/"},"modified":"2025-12-08T16:28:17","modified_gmt":"2025-12-08T15:28:17","slug":"lasepton-dusche-shampoo-300-ml","status":"publish","type":"product","link":"https:\/\/www.ernstbrunn-apotheke.at\/katalog\/produkt\/lasepton-dusche-shampoo-300-ml\/","title":{"rendered":"Lasepton Dusche &#038; Shampoo 300 ml"},"content":{"rendered":"<p>Lasepton Med Care Dusche &#038; Shampoo pflegt sensible, trockene und reizempfindliche Haut und Kopfhaut. Es ist r\u00fcckfettend, sch\u00fctzt die Haut vor Austrocknung und f\u00f6rdert den Erhalt einer intakten Hautbarriere. Nat\u00fcrliche und pflanzliche Inhaltsstoffe st\u00e4rken den Wiederaufbau der Hautzellen und sch\u00fctzen die Haut vor sch\u00e4dlichen Umwelteinfl\u00fcssen. Pflegt und regeneriert sensible Haut auf Kopf und K\u00f6rper und verleiht dem Haar Glanz und Geschmeidigkeit..<\/p>\n","protected":false},"excerpt":{"rendered":"<p>Lasepton Med Care Dusche &#038; Shampoo pflegt sensible, trockene und reizempfindliche Haut und Kopfhaut. Es ist r\u00fcckfettend, sch\u00fctzt die Haut vor Austrocknung und f\u00f6rdert den Erhalt einer intakten Hautbarriere. Nat\u00fcrliche und pflanzliche Inhaltsstoffe st\u00e4rken den Wiederaufbau der Hautzellen und sch\u00fctzen die Haut vor sch\u00e4dlichen Umwelteinfl\u00fcssen. Pflegt und regeneriert sensible Haut auf Kopf und K\u00f6rper und [&hellip;]<\/p>\n","protected":false},"featured_media":46923,"template":"","meta":{"_acf_changed":false},"product_brand":[740],"product_cat":[795],"product_tag":[],"class_list":{"0":"post-46921","1":"product","2":"type-product","3":"status-publish","4":"has-post-thumbnail","6":"product_brand-lasepton","7":"product_cat-l","8":"pa_packungsgroesse-300ml","10":"first","11":"instock","12":"shipping-taxable","13":"purchasable","14":"product-type-simple"},"acf":[],"_links":{"self":[{"href":"https:\/\/www.ernstbrunn-apotheke.at\/katalog\/wp-json\/wp\/v2\/product\/46921","targetHints":{"allow":["GET"]}}],"collection":[{"href":"https:\/\/www.ernstbrunn-apotheke.at\/katalog\/wp-json\/wp\/v2\/product"}],"about":[{"href":"https:\/\/www.ernstbrunn-apotheke.at\/katalog\/wp-json\/wp\/v2\/types\/product"}],"wp:featuredmedia":[{"embeddable":true,"href":"https:\/\/www.ernstbrunn-apotheke.at\/katalog\/wp-json\/wp\/v2\/media\/46923"}],"wp:attachment":[{"href":"https:\/\/www.ernstbrunn-apotheke.at\/katalog\/wp-json\/wp\/v2\/media?parent=46921"}],"wp:term":[{"taxonomy":"product_brand","embeddable":true,"href":"https:\/\/www.ernstbrunn-apotheke.at\/katalog\/wp-json\/wp\/v2\/product_brand?post=46921"},{"taxonomy":"product_cat","embeddable":true,"href":"https:\/\/www.ernstbrunn-apotheke.at\/katalog\/wp-json\/wp\/v2\/product_cat?post=46921"},{"taxonomy":"product_tag","embeddable":true,"href":"https:\/\/www.ernstbrunn-apotheke.at\/katalog\/wp-json\/wp\/v2\/product_tag?post=46921"}],"curies":[{"name":"wp","href":"https:\/\/api.w.org\/{rel}","templated":true}]}}