{"id":46911,"date":"2025-11-10T17:38:20","date_gmt":"2025-11-10T16:38:20","guid":{"rendered":"https:\/\/www.ernstbrunn-apotheke.at\/katalog\/produkt\/lasepton-baby-bad-shampoo-200-ml\/"},"modified":"2025-12-08T16:28:16","modified_gmt":"2025-12-08T15:28:16","slug":"lasepton-baby-bad-shampoo-200-ml","status":"publish","type":"product","link":"https:\/\/www.ernstbrunn-apotheke.at\/katalog\/produkt\/lasepton-baby-bad-shampoo-200-ml\/","title":{"rendered":"Lasepton Baby Bad &#038; Shampoo 200 ml"},"content":{"rendered":"<p>Lasepton Baby Bad &#038; Shampoo 200 ml reinigt sensible Babyhaut sanft mit hochwertigen Pflanzen, Vitaminen und \u00d6len. Die einzigartige CARE-Formel ist r\u00fcckfettend, sch\u00fctzt vor Austrocknung und f\u00f6rdert den Erhalt einer intakten Hautbarriere. Das Haar wird geschmeidig und leicht k\u00e4mmbar..<\/p>\n","protected":false},"excerpt":{"rendered":"<p>Lasepton Baby Bad &#038; Shampoo 200 ml reinigt sensible Babyhaut sanft mit hochwertigen Pflanzen, Vitaminen und \u00d6len. Die einzigartige CARE-Formel ist r\u00fcckfettend, sch\u00fctzt vor Austrocknung und f\u00f6rdert den Erhalt einer intakten Hautbarriere. Das Haar wird geschmeidig und leicht k\u00e4mmbar..<\/p>\n","protected":false},"featured_media":46913,"template":"","meta":{"_acf_changed":false},"product_brand":[740],"product_cat":[795],"product_tag":[],"class_list":{"0":"post-46911","1":"product","2":"type-product","3":"status-publish","4":"has-post-thumbnail","6":"product_brand-lasepton","7":"product_cat-l","8":"pa_packungsgroesse-200ml","10":"first","11":"instock","12":"shipping-taxable","13":"purchasable","14":"product-type-simple"},"acf":[],"_links":{"self":[{"href":"https:\/\/www.ernstbrunn-apotheke.at\/katalog\/wp-json\/wp\/v2\/product\/46911","targetHints":{"allow":["GET"]}}],"collection":[{"href":"https:\/\/www.ernstbrunn-apotheke.at\/katalog\/wp-json\/wp\/v2\/product"}],"about":[{"href":"https:\/\/www.ernstbrunn-apotheke.at\/katalog\/wp-json\/wp\/v2\/types\/product"}],"wp:featuredmedia":[{"embeddable":true,"href":"https:\/\/www.ernstbrunn-apotheke.at\/katalog\/wp-json\/wp\/v2\/media\/46913"}],"wp:attachment":[{"href":"https:\/\/www.ernstbrunn-apotheke.at\/katalog\/wp-json\/wp\/v2\/media?parent=46911"}],"wp:term":[{"taxonomy":"product_brand","embeddable":true,"href":"https:\/\/www.ernstbrunn-apotheke.at\/katalog\/wp-json\/wp\/v2\/product_brand?post=46911"},{"taxonomy":"product_cat","embeddable":true,"href":"https:\/\/www.ernstbrunn-apotheke.at\/katalog\/wp-json\/wp\/v2\/product_cat?post=46911"},{"taxonomy":"product_tag","embeddable":true,"href":"https:\/\/www.ernstbrunn-apotheke.at\/katalog\/wp-json\/wp\/v2\/product_tag?post=46911"}],"curies":[{"name":"wp","href":"https:\/\/api.w.org\/{rel}","templated":true}]}}