{"id":46853,"date":"2025-11-10T17:37:47","date_gmt":"2025-11-10T16:37:47","guid":{"rendered":"https:\/\/www.ernstbrunn-apotheke.at\/katalog\/produkt\/kozbach-kinderoel-inhalator-raumduftoel-10-ml\/"},"modified":"2025-12-08T16:28:07","modified_gmt":"2025-12-08T15:28:07","slug":"kozbach-kinderoel-inhalator-raumduftoel-10-ml","status":"publish","type":"product","link":"https:\/\/www.ernstbrunn-apotheke.at\/katalog\/produkt\/kozbach-kinderoel-inhalator-raumduftoel-10-ml\/","title":{"rendered":"Kozbach Kinder\u00f6l Inhalator + Raumduft\u00f6l 10 ml"},"content":{"rendered":"<p>Duftmischung f\u00fcr USB Aroma-\u00d6l Diffuser,\u00a0Duftlampe, feuchtes Stofftuch und Duftstein. In unserem\u00a0Kinder-\u00d6l sind ausschlie\u00dflich hochwertige,\u00a0<strong>100% naturreine \u00e4therische \u00d6le<\/strong>\u00a0enthalten,\u00a0die in ihrer Zusammensetzung\u00a0<strong>unterst\u00fctzend\u00a0<\/strong>und<strong>\u00a0wohltuend\u00a0in der kalten Jahreszeit\u00a0<\/strong>sind.<\/p>\n<p>&#13;<\/p>\n<ul>&#13;<\/p>\n<li>\u00c4therische \u00d6le:\u00a0Lavendel\u00f6l,\u00a0Orangen\u00f6l s\u00fc\u00df, Zitronen\u00f6l, Niaouli, Cajeput\u00f6l, Eucalyptus radiata<\/li>\n<p>&#13;<\/p>\n<li>Kinderfreundlich\u00a0komponierte,\u00a0hauseigene Rezeptur,\u00a0ab dem 3 Lebensjahr!<\/li>\n<p>&#13;<\/p>\n<li>Mit viel Liebe nachhaltig in \u00d6sterreich hergestellt<\/li>\n<p>&#13;\n<\/ul>\n<p>&#13;<\/p>\n<p>100% Vegan<\/p>\n","protected":false},"excerpt":{"rendered":"<p>Duftmischung f\u00fcr USB Aroma-\u00d6l Diffuser,\u00a0Duftlampe, feuchtes Stofftuch und Duftstein. In unserem\u00a0Kinder-\u00d6l sind ausschlie\u00dflich hochwertige,\u00a0100% naturreine \u00e4therische \u00d6le\u00a0enthalten,\u00a0die in ihrer Zusammensetzung\u00a0unterst\u00fctzend\u00a0und\u00a0wohltuend\u00a0in der kalten Jahreszeit\u00a0sind. &#13; &#13; \u00c4therische \u00d6le:\u00a0Lavendel\u00f6l,\u00a0Orangen\u00f6l s\u00fc\u00df, Zitronen\u00f6l, Niaouli, Cajeput\u00f6l, Eucalyptus radiata &#13; Kinderfreundlich\u00a0komponierte,\u00a0hauseigene Rezeptur,\u00a0ab dem 3 Lebensjahr! &#13; Mit viel Liebe nachhaltig in \u00d6sterreich hergestellt &#13; &#13; 100% Vegan<\/p>\n","protected":false},"featured_media":46855,"template":"","meta":{"_acf_changed":false},"product_brand":[770],"product_cat":[807],"product_tag":[],"class_list":{"0":"post-46853","1":"product","2":"type-product","3":"status-publish","4":"has-post-thumbnail","6":"product_brand-kozbach","7":"product_cat-k","8":"pa_packungsgroesse-10ml","10":"first","11":"instock","12":"shipping-taxable","13":"purchasable","14":"product-type-simple"},"acf":[],"_links":{"self":[{"href":"https:\/\/www.ernstbrunn-apotheke.at\/katalog\/wp-json\/wp\/v2\/product\/46853","targetHints":{"allow":["GET"]}}],"collection":[{"href":"https:\/\/www.ernstbrunn-apotheke.at\/katalog\/wp-json\/wp\/v2\/product"}],"about":[{"href":"https:\/\/www.ernstbrunn-apotheke.at\/katalog\/wp-json\/wp\/v2\/types\/product"}],"wp:featuredmedia":[{"embeddable":true,"href":"https:\/\/www.ernstbrunn-apotheke.at\/katalog\/wp-json\/wp\/v2\/media\/46855"}],"wp:attachment":[{"href":"https:\/\/www.ernstbrunn-apotheke.at\/katalog\/wp-json\/wp\/v2\/media?parent=46853"}],"wp:term":[{"taxonomy":"product_brand","embeddable":true,"href":"https:\/\/www.ernstbrunn-apotheke.at\/katalog\/wp-json\/wp\/v2\/product_brand?post=46853"},{"taxonomy":"product_cat","embeddable":true,"href":"https:\/\/www.ernstbrunn-apotheke.at\/katalog\/wp-json\/wp\/v2\/product_cat?post=46853"},{"taxonomy":"product_tag","embeddable":true,"href":"https:\/\/www.ernstbrunn-apotheke.at\/katalog\/wp-json\/wp\/v2\/product_tag?post=46853"}],"curies":[{"name":"wp","href":"https:\/\/api.w.org\/{rel}","templated":true}]}}