{"id":46838,"date":"2025-11-10T17:37:06","date_gmt":"2025-11-10T16:37:06","guid":{"rendered":"https:\/\/www.ernstbrunn-apotheke.at\/katalog\/produkt\/weleda-baby-calendula-wind-und-wetterbalsam-30-ml\/"},"modified":"2025-12-08T16:28:04","modified_gmt":"2025-12-08T15:28:04","slug":"weleda-baby-calendula-wind-und-wetterbalsam-30-ml","status":"publish","type":"product","link":"https:\/\/www.ernstbrunn-apotheke.at\/katalog\/produkt\/weleda-baby-calendula-wind-und-wetterbalsam-30-ml\/","title":{"rendered":"Weleda Baby Calendula Wind- und Wetterbalsam 30 ml"},"content":{"rendered":"<p>Der reichhaltige Calendula-Wind- und Wetterbalsam von Weleda sch\u00fctzt zarte Gesichtshaut und kleine H\u00e4nde zuverl\u00e4ssig vor K\u00e4lte, Wind und rauer Witterung. Wertvolles Mandel\u00f6l pflegt auch trockene, strapazierte Haut f\u00fchlbar geschmeidiger und ein Heilpflanzenauszug aus kontrolliert-biologisch angebauter Calendula beruhigt die Haut.<\/p>\n","protected":false},"excerpt":{"rendered":"<p>Der reichhaltige Calendula-Wind- und Wetterbalsam von Weleda sch\u00fctzt zarte Gesichtshaut und kleine H\u00e4nde zuverl\u00e4ssig vor K\u00e4lte, Wind und rauer Witterung. Wertvolles Mandel\u00f6l pflegt auch trockene, strapazierte Haut f\u00fchlbar geschmeidiger und ein Heilpflanzenauszug aus kontrolliert-biologisch angebauter Calendula beruhigt die Haut.<\/p>\n","protected":false},"featured_media":46840,"template":"","meta":{"_acf_changed":false},"product_brand":[567],"product_cat":[796],"product_tag":[],"class_list":{"0":"post-46838","1":"product","2":"type-product","3":"status-publish","4":"has-post-thumbnail","6":"product_brand-weleda","7":"product_cat-w","8":"pa_packungsgroesse-30ml","10":"first","11":"instock","12":"shipping-taxable","13":"purchasable","14":"product-type-simple"},"acf":[],"_links":{"self":[{"href":"https:\/\/www.ernstbrunn-apotheke.at\/katalog\/wp-json\/wp\/v2\/product\/46838","targetHints":{"allow":["GET"]}}],"collection":[{"href":"https:\/\/www.ernstbrunn-apotheke.at\/katalog\/wp-json\/wp\/v2\/product"}],"about":[{"href":"https:\/\/www.ernstbrunn-apotheke.at\/katalog\/wp-json\/wp\/v2\/types\/product"}],"wp:featuredmedia":[{"embeddable":true,"href":"https:\/\/www.ernstbrunn-apotheke.at\/katalog\/wp-json\/wp\/v2\/media\/46840"}],"wp:attachment":[{"href":"https:\/\/www.ernstbrunn-apotheke.at\/katalog\/wp-json\/wp\/v2\/media?parent=46838"}],"wp:term":[{"taxonomy":"product_brand","embeddable":true,"href":"https:\/\/www.ernstbrunn-apotheke.at\/katalog\/wp-json\/wp\/v2\/product_brand?post=46838"},{"taxonomy":"product_cat","embeddable":true,"href":"https:\/\/www.ernstbrunn-apotheke.at\/katalog\/wp-json\/wp\/v2\/product_cat?post=46838"},{"taxonomy":"product_tag","embeddable":true,"href":"https:\/\/www.ernstbrunn-apotheke.at\/katalog\/wp-json\/wp\/v2\/product_tag?post=46838"}],"curies":[{"name":"wp","href":"https:\/\/api.w.org\/{rel}","templated":true}]}}