{"id":46828,"date":"2025-11-10T17:37:06","date_gmt":"2025-11-10T16:37:06","guid":{"rendered":"https:\/\/www.ernstbrunn-apotheke.at\/katalog\/produkt\/nestle-beba-fruehgeborenennahrung-2-400-g\/"},"modified":"2025-12-08T16:28:03","modified_gmt":"2025-12-08T15:28:03","slug":"nestle-beba-fruehgeborenennahrung-2-400-g","status":"publish","type":"product","link":"https:\/\/www.ernstbrunn-apotheke.at\/katalog\/produkt\/nestle-beba-fruehgeborenennahrung-2-400-g\/","title":{"rendered":"Nestl\u00e9 Beba Fr\u00fchgeborenennahrung 2 400 g"},"content":{"rendered":"<p>Mit Nestl\u00e9 BEBA Fr\u00fchgeborenennahrung Stufe 2 achten Sie auf eine altersgerechte Ern\u00e4hrung Ihres fr\u00fchgeborenen Babys von 1800 g bis ca. 4000 und unterst\u00fctzen seine Entwicklung.<\/p>\n","protected":false},"excerpt":{"rendered":"<p>Mit Nestl\u00e9 BEBA Fr\u00fchgeborenennahrung Stufe 2 achten Sie auf eine altersgerechte Ern\u00e4hrung Ihres fr\u00fchgeborenen Babys von 1800 g bis ca. 4000 und unterst\u00fctzen seine Entwicklung.<\/p>\n","protected":false},"featured_media":46830,"template":"","meta":{"_acf_changed":false},"product_brand":[833],"product_cat":[797],"product_tag":[],"class_list":{"0":"post-46828","1":"product","2":"type-product","3":"status-publish","4":"has-post-thumbnail","6":"product_brand-nestle","7":"product_cat-n","8":"pa_packungsgroesse-400g","10":"first","11":"instock","12":"shipping-taxable","13":"purchasable","14":"product-type-simple"},"acf":[],"_links":{"self":[{"href":"https:\/\/www.ernstbrunn-apotheke.at\/katalog\/wp-json\/wp\/v2\/product\/46828","targetHints":{"allow":["GET"]}}],"collection":[{"href":"https:\/\/www.ernstbrunn-apotheke.at\/katalog\/wp-json\/wp\/v2\/product"}],"about":[{"href":"https:\/\/www.ernstbrunn-apotheke.at\/katalog\/wp-json\/wp\/v2\/types\/product"}],"wp:featuredmedia":[{"embeddable":true,"href":"https:\/\/www.ernstbrunn-apotheke.at\/katalog\/wp-json\/wp\/v2\/media\/46830"}],"wp:attachment":[{"href":"https:\/\/www.ernstbrunn-apotheke.at\/katalog\/wp-json\/wp\/v2\/media?parent=46828"}],"wp:term":[{"taxonomy":"product_brand","embeddable":true,"href":"https:\/\/www.ernstbrunn-apotheke.at\/katalog\/wp-json\/wp\/v2\/product_brand?post=46828"},{"taxonomy":"product_cat","embeddable":true,"href":"https:\/\/www.ernstbrunn-apotheke.at\/katalog\/wp-json\/wp\/v2\/product_cat?post=46828"},{"taxonomy":"product_tag","embeddable":true,"href":"https:\/\/www.ernstbrunn-apotheke.at\/katalog\/wp-json\/wp\/v2\/product_tag?post=46828"}],"curies":[{"name":"wp","href":"https:\/\/api.w.org\/{rel}","templated":true}]}}