{"id":46792,"date":"2025-11-10T17:36:21","date_gmt":"2025-11-10T16:36:21","guid":{"rendered":"https:\/\/www.ernstbrunn-apotheke.at\/katalog\/produkt\/dr-boehm-folsaeure-plus-dragees-30-stk\/"},"modified":"2025-12-08T16:27:56","modified_gmt":"2025-12-08T15:27:56","slug":"dr-boehm-folsaeure-plus-dragees-30-stk","status":"publish","type":"product","link":"https:\/\/www.ernstbrunn-apotheke.at\/katalog\/produkt\/dr-boehm-folsaeure-plus-dragees-30-stk\/","title":{"rendered":"Dr. B\u00f6hm Fols\u00e4ure Plus Dragees 30 Stk."},"content":{"rendered":"<p>Dr. B\u00f6hm Fols\u00e4ure Plus Dragees wurde speziell f\u00fcr Schwangere oder Frauen mit Kinderwunsch entwickelt. Die Tabletten unterst\u00fctzen die Zellteilung und Blutbildung, sowie das Wachstum des m\u00fctterlichen Gewebes w\u00e4hrend der Schwangerschaft.<\/p>\n","protected":false},"excerpt":{"rendered":"<p>Dr. B\u00f6hm Fols\u00e4ure Plus Dragees wurde speziell f\u00fcr Schwangere oder Frauen mit Kinderwunsch entwickelt. Die Tabletten unterst\u00fctzen die Zellteilung und Blutbildung, sowie das Wachstum des m\u00fctterlichen Gewebes w\u00e4hrend der Schwangerschaft.<\/p>\n","protected":false},"featured_media":46794,"template":"","meta":{"_acf_changed":false},"product_brand":[365],"product_cat":[792],"product_tag":[],"class_list":{"0":"post-46792","1":"product","2":"type-product","3":"status-publish","4":"has-post-thumbnail","6":"product_brand-dr-boehm","7":"product_cat-d","8":"pa_packungsgroesse-30-stueck","10":"first","11":"instock","12":"shipping-taxable","13":"purchasable","14":"product-type-simple"},"acf":[],"_links":{"self":[{"href":"https:\/\/www.ernstbrunn-apotheke.at\/katalog\/wp-json\/wp\/v2\/product\/46792","targetHints":{"allow":["GET"]}}],"collection":[{"href":"https:\/\/www.ernstbrunn-apotheke.at\/katalog\/wp-json\/wp\/v2\/product"}],"about":[{"href":"https:\/\/www.ernstbrunn-apotheke.at\/katalog\/wp-json\/wp\/v2\/types\/product"}],"wp:featuredmedia":[{"embeddable":true,"href":"https:\/\/www.ernstbrunn-apotheke.at\/katalog\/wp-json\/wp\/v2\/media\/46794"}],"wp:attachment":[{"href":"https:\/\/www.ernstbrunn-apotheke.at\/katalog\/wp-json\/wp\/v2\/media?parent=46792"}],"wp:term":[{"taxonomy":"product_brand","embeddable":true,"href":"https:\/\/www.ernstbrunn-apotheke.at\/katalog\/wp-json\/wp\/v2\/product_brand?post=46792"},{"taxonomy":"product_cat","embeddable":true,"href":"https:\/\/www.ernstbrunn-apotheke.at\/katalog\/wp-json\/wp\/v2\/product_cat?post=46792"},{"taxonomy":"product_tag","embeddable":true,"href":"https:\/\/www.ernstbrunn-apotheke.at\/katalog\/wp-json\/wp\/v2\/product_tag?post=46792"}],"curies":[{"name":"wp","href":"https:\/\/api.w.org\/{rel}","templated":true}]}}