{"id":46775,"date":"2025-11-10T17:36:21","date_gmt":"2025-11-10T16:36:21","guid":{"rendered":"https:\/\/www.ernstbrunn-apotheke.at\/katalog\/produkt\/aptamil-pdf-fruehgeborenennahrung-400-g\/"},"modified":"2025-12-08T16:27:52","modified_gmt":"2025-12-08T15:27:52","slug":"aptamil-pdf-fruehgeborenennahrung-400-g","status":"publish","type":"product","link":"https:\/\/www.ernstbrunn-apotheke.at\/katalog\/produkt\/aptamil-pdf-fruehgeborenennahrung-400-g\/","title":{"rendered":"Aptamil PDF Fr\u00fchgeborenennahrung 400 g"},"content":{"rendered":"<p>Aptamil PDF Fr\u00fchgeborenennahrung ist eine vollst\u00e4ndige Flaschennahrung f\u00fcr aus der Klinik entlassene Fr\u00fchgeborene ab 1.800g K\u00f6rpergewicht. Der Gehalt an Eiwei\u00df, Energie, Mineralstoffen und Vitaminen einer Entlassungsnahrung liegt zwischen dem einer Fr\u00fchgeborenennahrung und einer handels\u00fcblichen Anfangsnahrung und ist damit genau f\u00fcr diese \u00dcbergangsphase geeignet  jetzt mit hohem Rabatt bestellen!<\/p>\n","protected":false},"excerpt":{"rendered":"<p>Aptamil PDF Fr\u00fchgeborenennahrung ist eine vollst\u00e4ndige Flaschennahrung f\u00fcr aus der Klinik entlassene Fr\u00fchgeborene ab 1.800g K\u00f6rpergewicht. Der Gehalt an Eiwei\u00df, Energie, Mineralstoffen und Vitaminen einer Entlassungsnahrung liegt zwischen dem einer Fr\u00fchgeborenennahrung und einer handels\u00fcblichen Anfangsnahrung und ist damit genau f\u00fcr diese \u00dcbergangsphase geeignet jetzt mit hohem Rabatt bestellen!<\/p>\n","protected":false},"featured_media":46777,"template":"","meta":{"_acf_changed":false},"product_brand":[],"product_cat":[801],"product_tag":[],"class_list":{"0":"post-46775","1":"product","2":"type-product","3":"status-publish","4":"has-post-thumbnail","6":"product_cat-a","7":"pa_packungsgroesse-400g","9":"first","10":"instock","11":"shipping-taxable","12":"purchasable","13":"product-type-simple"},"acf":[],"_links":{"self":[{"href":"https:\/\/www.ernstbrunn-apotheke.at\/katalog\/wp-json\/wp\/v2\/product\/46775","targetHints":{"allow":["GET"]}}],"collection":[{"href":"https:\/\/www.ernstbrunn-apotheke.at\/katalog\/wp-json\/wp\/v2\/product"}],"about":[{"href":"https:\/\/www.ernstbrunn-apotheke.at\/katalog\/wp-json\/wp\/v2\/types\/product"}],"wp:featuredmedia":[{"embeddable":true,"href":"https:\/\/www.ernstbrunn-apotheke.at\/katalog\/wp-json\/wp\/v2\/media\/46777"}],"wp:attachment":[{"href":"https:\/\/www.ernstbrunn-apotheke.at\/katalog\/wp-json\/wp\/v2\/media?parent=46775"}],"wp:term":[{"taxonomy":"product_brand","embeddable":true,"href":"https:\/\/www.ernstbrunn-apotheke.at\/katalog\/wp-json\/wp\/v2\/product_brand?post=46775"},{"taxonomy":"product_cat","embeddable":true,"href":"https:\/\/www.ernstbrunn-apotheke.at\/katalog\/wp-json\/wp\/v2\/product_cat?post=46775"},{"taxonomy":"product_tag","embeddable":true,"href":"https:\/\/www.ernstbrunn-apotheke.at\/katalog\/wp-json\/wp\/v2\/product_tag?post=46775"}],"curies":[{"name":"wp","href":"https:\/\/api.w.org\/{rel}","templated":true}]}}