{"id":46742,"date":"2025-11-10T17:35:36","date_gmt":"2025-11-10T16:35:36","guid":{"rendered":"https:\/\/www.ernstbrunn-apotheke.at\/katalog\/produkt\/milupa-aptamil-andickung-pro-135-g\/"},"modified":"2025-12-08T16:27:47","modified_gmt":"2025-12-08T15:27:47","slug":"milupa-aptamil-andickung-pro-135-g","status":"publish","type":"product","link":"https:\/\/www.ernstbrunn-apotheke.at\/katalog\/produkt\/milupa-aptamil-andickung-pro-135-g\/","title":{"rendered":"Milupa Aptamil Andickung Pro 135 g"},"content":{"rendered":"<p>Aptamil Anti-Reflux Andickungsmittel enth\u00e4lt den nat\u00fcrlichen Quellstoff Johannisbrotkernmehl, der die gewohnte Nahrung deines Babys besonders s\u00e4mig macht und so daf\u00fcr sorgt, dass sie besser im Magen verweilt und der R\u00fcckflu\u00df (Reflux) vermindert wird &#8211; dieses und weitere Produkte von Aptamil dauerhaft preisgesenkt bestellen!<\/p>\n","protected":false},"excerpt":{"rendered":"<p>Aptamil Anti-Reflux Andickungsmittel enth\u00e4lt den nat\u00fcrlichen Quellstoff Johannisbrotkernmehl, der die gewohnte Nahrung deines Babys besonders s\u00e4mig macht und so daf\u00fcr sorgt, dass sie besser im Magen verweilt und der R\u00fcckflu\u00df (Reflux) vermindert wird &#8211; dieses und weitere Produkte von Aptamil dauerhaft preisgesenkt bestellen!<\/p>\n","protected":false},"featured_media":46744,"template":"","meta":{"_acf_changed":false},"product_brand":[1021],"product_cat":[800],"product_tag":[],"class_list":{"0":"post-46742","1":"product","2":"type-product","3":"status-publish","4":"has-post-thumbnail","6":"product_brand-milupa","7":"product_cat-m","8":"pa_packungsgroesse-135g","10":"first","11":"instock","12":"shipping-taxable","13":"purchasable","14":"product-type-simple"},"acf":[],"_links":{"self":[{"href":"https:\/\/www.ernstbrunn-apotheke.at\/katalog\/wp-json\/wp\/v2\/product\/46742","targetHints":{"allow":["GET"]}}],"collection":[{"href":"https:\/\/www.ernstbrunn-apotheke.at\/katalog\/wp-json\/wp\/v2\/product"}],"about":[{"href":"https:\/\/www.ernstbrunn-apotheke.at\/katalog\/wp-json\/wp\/v2\/types\/product"}],"wp:featuredmedia":[{"embeddable":true,"href":"https:\/\/www.ernstbrunn-apotheke.at\/katalog\/wp-json\/wp\/v2\/media\/46744"}],"wp:attachment":[{"href":"https:\/\/www.ernstbrunn-apotheke.at\/katalog\/wp-json\/wp\/v2\/media?parent=46742"}],"wp:term":[{"taxonomy":"product_brand","embeddable":true,"href":"https:\/\/www.ernstbrunn-apotheke.at\/katalog\/wp-json\/wp\/v2\/product_brand?post=46742"},{"taxonomy":"product_cat","embeddable":true,"href":"https:\/\/www.ernstbrunn-apotheke.at\/katalog\/wp-json\/wp\/v2\/product_cat?post=46742"},{"taxonomy":"product_tag","embeddable":true,"href":"https:\/\/www.ernstbrunn-apotheke.at\/katalog\/wp-json\/wp\/v2\/product_tag?post=46742"}],"curies":[{"name":"wp","href":"https:\/\/api.w.org\/{rel}","templated":true}]}}