{"id":46713,"date":"2025-11-10T17:35:04","date_gmt":"2025-11-10T16:35:04","guid":{"rendered":"https:\/\/www.ernstbrunn-apotheke.at\/katalog\/produkt\/lasepton-baby-bioaktiv-schutz-creme-80-ml\/"},"modified":"2025-12-08T16:27:41","modified_gmt":"2025-12-08T15:27:41","slug":"lasepton-baby-bioaktiv-schutz-creme-80-ml","status":"publish","type":"product","link":"https:\/\/www.ernstbrunn-apotheke.at\/katalog\/produkt\/lasepton-baby-bioaktiv-schutz-creme-80-ml\/","title":{"rendered":"Lasepton BABY Bioaktiv Schutz-Creme 80 ml"},"content":{"rendered":"<p>Lasepton Med Baby Bioaktiv beruhigt, regeneriert und pflegt die Haut von Babys und Kleinkindern auf nat\u00fcrliche Weise mit Hilfe von Dexpanthenol und wertvollen pflanzlichen Omega-\u00d6len. Diese sorgen au\u00dferdem daf\u00fcr, dass dem Wundwerden entgegengewirkt wird.<\/p>\n","protected":false},"excerpt":{"rendered":"<p>Lasepton Med Baby Bioaktiv beruhigt, regeneriert und pflegt die Haut von Babys und Kleinkindern auf nat\u00fcrliche Weise mit Hilfe von Dexpanthenol und wertvollen pflanzlichen Omega-\u00d6len. Diese sorgen au\u00dferdem daf\u00fcr, dass dem Wundwerden entgegengewirkt wird.<\/p>\n","protected":false},"featured_media":46715,"template":"","meta":{"_acf_changed":false},"product_brand":[740],"product_cat":[795],"product_tag":[],"class_list":{"0":"post-46713","1":"product","2":"type-product","3":"status-publish","4":"has-post-thumbnail","6":"product_brand-lasepton","7":"product_cat-l","8":"pa_packungsgroesse-80ml","10":"first","11":"instock","12":"shipping-taxable","13":"purchasable","14":"product-type-simple"},"acf":[],"_links":{"self":[{"href":"https:\/\/www.ernstbrunn-apotheke.at\/katalog\/wp-json\/wp\/v2\/product\/46713","targetHints":{"allow":["GET"]}}],"collection":[{"href":"https:\/\/www.ernstbrunn-apotheke.at\/katalog\/wp-json\/wp\/v2\/product"}],"about":[{"href":"https:\/\/www.ernstbrunn-apotheke.at\/katalog\/wp-json\/wp\/v2\/types\/product"}],"wp:featuredmedia":[{"embeddable":true,"href":"https:\/\/www.ernstbrunn-apotheke.at\/katalog\/wp-json\/wp\/v2\/media\/46715"}],"wp:attachment":[{"href":"https:\/\/www.ernstbrunn-apotheke.at\/katalog\/wp-json\/wp\/v2\/media?parent=46713"}],"wp:term":[{"taxonomy":"product_brand","embeddable":true,"href":"https:\/\/www.ernstbrunn-apotheke.at\/katalog\/wp-json\/wp\/v2\/product_brand?post=46713"},{"taxonomy":"product_cat","embeddable":true,"href":"https:\/\/www.ernstbrunn-apotheke.at\/katalog\/wp-json\/wp\/v2\/product_cat?post=46713"},{"taxonomy":"product_tag","embeddable":true,"href":"https:\/\/www.ernstbrunn-apotheke.at\/katalog\/wp-json\/wp\/v2\/product_tag?post=46713"}],"curies":[{"name":"wp","href":"https:\/\/api.w.org\/{rel}","templated":true}]}}