{"id":46675,"date":"2025-11-10T17:34:15","date_gmt":"2025-11-10T16:34:15","guid":{"rendered":"https:\/\/www.ernstbrunn-apotheke.at\/katalog\/produkt\/mama-aua-tropfen-immun-30-ml\/"},"modified":"2025-12-08T16:27:34","modified_gmt":"2025-12-08T15:27:34","slug":"mama-aua-tropfen-immun-30-ml","status":"publish","type":"product","link":"https:\/\/www.ernstbrunn-apotheke.at\/katalog\/produkt\/mama-aua-tropfen-immun-30-ml\/","title":{"rendered":"Mama-Aua! Tropfen Immun 30 ml"},"content":{"rendered":"<p>Mama Aua\u2019s bek\u00f6mmliche Rezeptur f\u00fcr das Immunsystem. Reich an Naturstoffen, wie Saponine, Flavonoide, Vitamine und Spurenelemente, die den K\u00f6rper optimal unterst\u00fctzen. Vor allem in der kalten Jahreszeit. Zink unterst\u00fctz die normale Funktion des Immunsystems, Grapefruitkernextrakt ist altbekannt und Propolis ist ein Naturprodukt, das schon die Griechen und R\u00f6mer sch\u00e4tzten. Wohltuend f\u00fcr das Immunsystem von Klein und Gro\u00df. Alkoholfrei, zuckerfrei, frei von Zuckeraustauschstoffen. Gluten- und lactosefrei sowie frei von tierischen Fetten und von k\u00fcnstlichen Konservierungsstoffen. Ohne k\u00fcnstliche Farbstoffe..<\/p>\n","protected":false},"excerpt":{"rendered":"<p>Mama Aua\u2019s bek\u00f6mmliche Rezeptur f\u00fcr das Immunsystem. Reich an Naturstoffen, wie Saponine, Flavonoide, Vitamine und Spurenelemente, die den K\u00f6rper optimal unterst\u00fctzen. Vor allem in der kalten Jahreszeit. Zink unterst\u00fctz die normale Funktion des Immunsystems, Grapefruitkernextrakt ist altbekannt und Propolis ist ein Naturprodukt, das schon die Griechen und R\u00f6mer sch\u00e4tzten. Wohltuend f\u00fcr das Immunsystem von Klein [&hellip;]<\/p>\n","protected":false},"featured_media":46677,"template":"","meta":{"_acf_changed":false},"product_brand":[1013],"product_cat":[800],"product_tag":[],"class_list":{"0":"post-46675","1":"product","2":"type-product","3":"status-publish","4":"has-post-thumbnail","6":"product_brand-mama-aua","7":"product_cat-m","8":"pa_packungsgroesse-10ml","9":"pa_packungsgroesse-30ml","11":"first","12":"instock","13":"shipping-taxable","14":"purchasable","15":"product-type-simple"},"acf":[],"_links":{"self":[{"href":"https:\/\/www.ernstbrunn-apotheke.at\/katalog\/wp-json\/wp\/v2\/product\/46675","targetHints":{"allow":["GET"]}}],"collection":[{"href":"https:\/\/www.ernstbrunn-apotheke.at\/katalog\/wp-json\/wp\/v2\/product"}],"about":[{"href":"https:\/\/www.ernstbrunn-apotheke.at\/katalog\/wp-json\/wp\/v2\/types\/product"}],"wp:featuredmedia":[{"embeddable":true,"href":"https:\/\/www.ernstbrunn-apotheke.at\/katalog\/wp-json\/wp\/v2\/media\/46677"}],"wp:attachment":[{"href":"https:\/\/www.ernstbrunn-apotheke.at\/katalog\/wp-json\/wp\/v2\/media?parent=46675"}],"wp:term":[{"taxonomy":"product_brand","embeddable":true,"href":"https:\/\/www.ernstbrunn-apotheke.at\/katalog\/wp-json\/wp\/v2\/product_brand?post=46675"},{"taxonomy":"product_cat","embeddable":true,"href":"https:\/\/www.ernstbrunn-apotheke.at\/katalog\/wp-json\/wp\/v2\/product_cat?post=46675"},{"taxonomy":"product_tag","embeddable":true,"href":"https:\/\/www.ernstbrunn-apotheke.at\/katalog\/wp-json\/wp\/v2\/product_tag?post=46675"}],"curies":[{"name":"wp","href":"https:\/\/api.w.org\/{rel}","templated":true}]}}