{"id":46655,"date":"2025-11-10T17:33:20","date_gmt":"2025-11-10T16:33:20","guid":{"rendered":"https:\/\/www.ernstbrunn-apotheke.at\/katalog\/produkt\/ombe-dropchen-babytropfen-probiotisch-10-ml\/"},"modified":"2025-12-08T16:27:32","modified_gmt":"2025-12-08T15:27:32","slug":"ombe-dropchen-babytropfen-probiotisch-10-ml","status":"publish","type":"product","link":"https:\/\/www.ernstbrunn-apotheke.at\/katalog\/produkt\/ombe-dropchen-babytropfen-probiotisch-10-ml\/","title":{"rendered":"Ombe Dropchen Babytropfen probiotisch 10 ml"},"content":{"rendered":"<p>Dropchen\u00ae verst\u00e4rken die n\u00fctzlichen Darmbakterien und festigen die florale Balance. Auch f\u00fcr Erwachsene, deren florale Balance (Antibiotika-Therapie!) aus dem Gleichgewicht ist \u2013 jetzt mit 100% Zufriedenheitsgarantie mit dem Ablauf Ihrer Bestellung bei uns!<\/p>\n","protected":false},"excerpt":{"rendered":"<p>Dropchen\u00ae verst\u00e4rken die n\u00fctzlichen Darmbakterien und festigen die florale Balance. Auch f\u00fcr Erwachsene, deren florale Balance (Antibiotika-Therapie!) aus dem Gleichgewicht ist \u2013 jetzt mit 100% Zufriedenheitsgarantie mit dem Ablauf Ihrer Bestellung bei uns!<\/p>\n","protected":false},"featured_media":46657,"template":"","meta":{"_acf_changed":false},"product_brand":[],"product_cat":[819],"product_tag":[],"class_list":{"0":"post-46655","1":"product","2":"type-product","3":"status-publish","4":"has-post-thumbnail","6":"product_cat-o","7":"pa_packungsgroesse-10ml","9":"first","10":"instock","11":"shipping-taxable","12":"purchasable","13":"product-type-simple"},"acf":[],"_links":{"self":[{"href":"https:\/\/www.ernstbrunn-apotheke.at\/katalog\/wp-json\/wp\/v2\/product\/46655","targetHints":{"allow":["GET"]}}],"collection":[{"href":"https:\/\/www.ernstbrunn-apotheke.at\/katalog\/wp-json\/wp\/v2\/product"}],"about":[{"href":"https:\/\/www.ernstbrunn-apotheke.at\/katalog\/wp-json\/wp\/v2\/types\/product"}],"wp:featuredmedia":[{"embeddable":true,"href":"https:\/\/www.ernstbrunn-apotheke.at\/katalog\/wp-json\/wp\/v2\/media\/46657"}],"wp:attachment":[{"href":"https:\/\/www.ernstbrunn-apotheke.at\/katalog\/wp-json\/wp\/v2\/media?parent=46655"}],"wp:term":[{"taxonomy":"product_brand","embeddable":true,"href":"https:\/\/www.ernstbrunn-apotheke.at\/katalog\/wp-json\/wp\/v2\/product_brand?post=46655"},{"taxonomy":"product_cat","embeddable":true,"href":"https:\/\/www.ernstbrunn-apotheke.at\/katalog\/wp-json\/wp\/v2\/product_cat?post=46655"},{"taxonomy":"product_tag","embeddable":true,"href":"https:\/\/www.ernstbrunn-apotheke.at\/katalog\/wp-json\/wp\/v2\/product_tag?post=46655"}],"curies":[{"name":"wp","href":"https:\/\/api.w.org\/{rel}","templated":true}]}}