{"id":46635,"date":"2025-11-10T17:33:20","date_gmt":"2025-11-10T16:33:20","guid":{"rendered":"https:\/\/www.ernstbrunn-apotheke.at\/katalog\/produkt\/weleda-stilltee-2-g-beutel-20-stk\/"},"modified":"2025-12-08T16:27:29","modified_gmt":"2025-12-08T15:27:29","slug":"weleda-stilltee-2-g-beutel-20-stk","status":"publish","type":"product","link":"https:\/\/www.ernstbrunn-apotheke.at\/katalog\/produkt\/weleda-stilltee-2-g-beutel-20-stk\/","title":{"rendered":"Weleda Stilltee 2 g Beutel 20 Stk."},"content":{"rendered":"<p>Weleda Stilltee 2 g Beutel ist eine Mischung von Pflanzenrohstoffen aus kontrolliert biologischem Anbau: ohne Kunstd\u00fcnger und chemische Pflanzenschutzmittel erzeugt &#8211; schlie\u00dflich trinkt das Baby \u00fcber die Muttermilch mit. Der Weleda Stilltee ist angenehm aromatisch durch den hohen Gehalt \u00e4therischer \u00d6le und hilft den Fl\u00fcssigkeitshaushalt auszugleichen.<\/p>\n","protected":false},"excerpt":{"rendered":"<p>Weleda Stilltee 2 g Beutel ist eine Mischung von Pflanzenrohstoffen aus kontrolliert biologischem Anbau: ohne Kunstd\u00fcnger und chemische Pflanzenschutzmittel erzeugt &#8211; schlie\u00dflich trinkt das Baby \u00fcber die Muttermilch mit. Der Weleda Stilltee ist angenehm aromatisch durch den hohen Gehalt \u00e4therischer \u00d6le und hilft den Fl\u00fcssigkeitshaushalt auszugleichen.<\/p>\n","protected":false},"featured_media":46637,"template":"","meta":{"_acf_changed":false},"product_brand":[567],"product_cat":[796],"product_tag":[],"class_list":{"0":"post-46635","1":"product","2":"type-product","3":"status-publish","4":"has-post-thumbnail","6":"product_brand-weleda","7":"product_cat-w","8":"pa_packungsgroesse-20-beutel","10":"first","11":"instock","12":"shipping-taxable","13":"purchasable","14":"product-type-simple"},"acf":[],"_links":{"self":[{"href":"https:\/\/www.ernstbrunn-apotheke.at\/katalog\/wp-json\/wp\/v2\/product\/46635","targetHints":{"allow":["GET"]}}],"collection":[{"href":"https:\/\/www.ernstbrunn-apotheke.at\/katalog\/wp-json\/wp\/v2\/product"}],"about":[{"href":"https:\/\/www.ernstbrunn-apotheke.at\/katalog\/wp-json\/wp\/v2\/types\/product"}],"wp:featuredmedia":[{"embeddable":true,"href":"https:\/\/www.ernstbrunn-apotheke.at\/katalog\/wp-json\/wp\/v2\/media\/46637"}],"wp:attachment":[{"href":"https:\/\/www.ernstbrunn-apotheke.at\/katalog\/wp-json\/wp\/v2\/media?parent=46635"}],"wp:term":[{"taxonomy":"product_brand","embeddable":true,"href":"https:\/\/www.ernstbrunn-apotheke.at\/katalog\/wp-json\/wp\/v2\/product_brand?post=46635"},{"taxonomy":"product_cat","embeddable":true,"href":"https:\/\/www.ernstbrunn-apotheke.at\/katalog\/wp-json\/wp\/v2\/product_cat?post=46635"},{"taxonomy":"product_tag","embeddable":true,"href":"https:\/\/www.ernstbrunn-apotheke.at\/katalog\/wp-json\/wp\/v2\/product_tag?post=46635"}],"curies":[{"name":"wp","href":"https:\/\/api.w.org\/{rel}","templated":true}]}}