{"id":46581,"date":"2025-11-10T17:32:22","date_gmt":"2025-11-10T16:32:22","guid":{"rendered":"https:\/\/www.ernstbrunn-apotheke.at\/katalog\/produkt\/lansinoh-stilleinlagen-einweg\/"},"modified":"2025-12-08T16:27:21","modified_gmt":"2025-12-08T15:27:21","slug":"lansinoh-stilleinlagen-einweg","status":"publish","type":"product","link":"https:\/\/www.ernstbrunn-apotheke.at\/katalog\/produkt\/lansinoh-stilleinlagen-einweg\/","title":{"rendered":"Lansinoh Stilleinlagen Einweg"},"content":{"rendered":"<p>Lansinoh f\u00fchlt sich mit Familien verbunden, die sich f\u00fcr das Stillen ihrer Babys entschieden haben. Seit 1984, als das Unternehmen Lansinoh von einer stillenden Mutter gegr\u00fcndet wurde, ist das Ziel, das Stillen zu f\u00f6rdern und M\u00fctter mit richtigen Informationen zum Stillen zu unterst\u00fctzen. Lansinoh respektiert die vielen unterschiedlichen Lebensmodelle von M\u00fcttern und ermutigt sie darin, ihre individuellen Stillziele zu erreichen.Angenehm weich, atmungsaktiv und besonders saugf\u00e4hig &#8211; mit diesen Eigenschaften punkten die Stilleinlagen von Lansinoh. Der Hygieneschutz aus Vlies eignet sich auch f\u00fcr beanspruchte Brustwarzen und passt dank der nat\u00fcrlichen Form f\u00fcr alle Brustgr\u00f6\u00dfen. Mit den beiden Fixierstreifen verrutschen die Stilleinlagen nicht und sorgen f\u00fcr Sicherheit und Frischegef\u00fchl dank schneller Feuchtigkeitsaufnahme &#8211; bei Tag und Nacht..<\/p>\n","protected":false},"excerpt":{"rendered":"<p>Lansinoh f\u00fchlt sich mit Familien verbunden, die sich f\u00fcr das Stillen ihrer Babys entschieden haben. Seit 1984, als das Unternehmen Lansinoh von einer stillenden Mutter gegr\u00fcndet wurde, ist das Ziel, das Stillen zu f\u00f6rdern und M\u00fctter mit richtigen Informationen zum Stillen zu unterst\u00fctzen. Lansinoh respektiert die vielen unterschiedlichen Lebensmodelle von M\u00fcttern und ermutigt sie darin, [&hellip;]<\/p>\n","protected":false},"featured_media":46583,"template":"","meta":{"_acf_changed":false},"product_brand":[1012],"product_cat":[795],"product_tag":[],"class_list":{"0":"post-46581","1":"product","2":"type-product","3":"status-publish","4":"has-post-thumbnail","6":"product_brand-lansinoh","7":"product_cat-l","8":"pa_packungsgroesse-36-stueck","10":"first","11":"instock","12":"shipping-taxable","13":"purchasable","14":"product-type-simple"},"acf":[],"_links":{"self":[{"href":"https:\/\/www.ernstbrunn-apotheke.at\/katalog\/wp-json\/wp\/v2\/product\/46581","targetHints":{"allow":["GET"]}}],"collection":[{"href":"https:\/\/www.ernstbrunn-apotheke.at\/katalog\/wp-json\/wp\/v2\/product"}],"about":[{"href":"https:\/\/www.ernstbrunn-apotheke.at\/katalog\/wp-json\/wp\/v2\/types\/product"}],"wp:featuredmedia":[{"embeddable":true,"href":"https:\/\/www.ernstbrunn-apotheke.at\/katalog\/wp-json\/wp\/v2\/media\/46583"}],"wp:attachment":[{"href":"https:\/\/www.ernstbrunn-apotheke.at\/katalog\/wp-json\/wp\/v2\/media?parent=46581"}],"wp:term":[{"taxonomy":"product_brand","embeddable":true,"href":"https:\/\/www.ernstbrunn-apotheke.at\/katalog\/wp-json\/wp\/v2\/product_brand?post=46581"},{"taxonomy":"product_cat","embeddable":true,"href":"https:\/\/www.ernstbrunn-apotheke.at\/katalog\/wp-json\/wp\/v2\/product_cat?post=46581"},{"taxonomy":"product_tag","embeddable":true,"href":"https:\/\/www.ernstbrunn-apotheke.at\/katalog\/wp-json\/wp\/v2\/product_tag?post=46581"}],"curies":[{"name":"wp","href":"https:\/\/api.w.org\/{rel}","templated":true}]}}