{"id":46564,"date":"2025-11-10T17:31:36","date_gmt":"2025-11-10T16:31:36","guid":{"rendered":"https:\/\/www.ernstbrunn-apotheke.at\/katalog\/produkt\/nivea-baby-nasenfrei-24-x-5-ml-120-ml\/"},"modified":"2025-12-08T16:27:18","modified_gmt":"2025-12-08T15:27:18","slug":"nivea-baby-nasenfrei-24-x-5-ml-120-ml","status":"publish","type":"product","link":"https:\/\/www.ernstbrunn-apotheke.at\/katalog\/produkt\/nivea-baby-nasenfrei-24-x-5-ml-120-ml\/","title":{"rendered":"Nivea Baby Nasenfrei 24 x 5 ml 120 ml"},"content":{"rendered":"<p>Nivea Baby Nasenfrei 24 x 5 ml reinigt die empfindlichen Nasenschleimh\u00e4uten von Babys und die Augenlider besonders sanft. Nivea Baby Nasen Frei reinigt auf nat\u00fcrliche Weise und sch\u00fctzt vor dem Austrocknen der Schleimh\u00e4ute. Die praktischen Ampullen erlauben eine einfache Anwendung und Dosierung.<\/p>\n","protected":false},"excerpt":{"rendered":"<p>Nivea Baby Nasenfrei 24 x 5 ml reinigt die empfindlichen Nasenschleimh\u00e4uten von Babys und die Augenlider besonders sanft. Nivea Baby Nasen Frei reinigt auf nat\u00fcrliche Weise und sch\u00fctzt vor dem Austrocknen der Schleimh\u00e4ute. Die praktischen Ampullen erlauben eine einfache Anwendung und Dosierung.<\/p>\n","protected":false},"featured_media":46566,"template":"","meta":{"_acf_changed":false},"product_brand":[1017],"product_cat":[797],"product_tag":[],"class_list":{"0":"post-46564","1":"product","2":"type-product","3":"status-publish","4":"has-post-thumbnail","6":"product_brand-nivea","7":"product_cat-n","8":"pa_packungsgroesse-120ml","10":"first","11":"instock","12":"shipping-taxable","13":"purchasable","14":"product-type-simple"},"acf":[],"_links":{"self":[{"href":"https:\/\/www.ernstbrunn-apotheke.at\/katalog\/wp-json\/wp\/v2\/product\/46564","targetHints":{"allow":["GET"]}}],"collection":[{"href":"https:\/\/www.ernstbrunn-apotheke.at\/katalog\/wp-json\/wp\/v2\/product"}],"about":[{"href":"https:\/\/www.ernstbrunn-apotheke.at\/katalog\/wp-json\/wp\/v2\/types\/product"}],"wp:featuredmedia":[{"embeddable":true,"href":"https:\/\/www.ernstbrunn-apotheke.at\/katalog\/wp-json\/wp\/v2\/media\/46566"}],"wp:attachment":[{"href":"https:\/\/www.ernstbrunn-apotheke.at\/katalog\/wp-json\/wp\/v2\/media?parent=46564"}],"wp:term":[{"taxonomy":"product_brand","embeddable":true,"href":"https:\/\/www.ernstbrunn-apotheke.at\/katalog\/wp-json\/wp\/v2\/product_brand?post=46564"},{"taxonomy":"product_cat","embeddable":true,"href":"https:\/\/www.ernstbrunn-apotheke.at\/katalog\/wp-json\/wp\/v2\/product_cat?post=46564"},{"taxonomy":"product_tag","embeddable":true,"href":"https:\/\/www.ernstbrunn-apotheke.at\/katalog\/wp-json\/wp\/v2\/product_tag?post=46564"}],"curies":[{"name":"wp","href":"https:\/\/api.w.org\/{rel}","templated":true}]}}