{"id":46516,"date":"2025-11-10T17:31:05","date_gmt":"2025-11-10T16:31:05","guid":{"rendered":"https:\/\/www.ernstbrunn-apotheke.at\/katalog\/produkt\/novalac-1-800-g\/"},"modified":"2025-12-08T16:27:09","modified_gmt":"2025-12-08T15:27:09","slug":"novalac-1-800-g","status":"publish","type":"product","link":"https:\/\/www.ernstbrunn-apotheke.at\/katalog\/produkt\/novalac-1-800-g\/","title":{"rendered":"Novalac 1 800 g"},"content":{"rendered":"<p>Novalac 1 ist eine S\u00e4uglingsanfangsnahrung f\u00fcr Babys von 0-6 Monate. Novalac 1universelle S\u00e4uglingsmilchnahrungbefriedigt alle Ern\u00e4hrungsanspr\u00fcche eines Babys bis zum 6. Lebensmonat. Es hat eine muttermilchnahe Zusammensetzung und enth\u00e4lt alle Eiwei\u00dfe, Fette, Kohlenhydrate, Aminos\u00e4uren, Vitamine und Mineralstoffe, die ein Baby f\u00fcr eine gesunde Entwicklung und ein gesundes Wachstum ben\u00f6tigt. Novalac 1 ist f\u00fcr Babys geeignet, die nicht, oder nur teilweise gestillt werden von Geburt an bis zum 6. Lebensmonat.<\/p>\n","protected":false},"excerpt":{"rendered":"<p>Novalac 1 ist eine S\u00e4uglingsanfangsnahrung f\u00fcr Babys von 0-6 Monate. Novalac 1universelle S\u00e4uglingsmilchnahrungbefriedigt alle Ern\u00e4hrungsanspr\u00fcche eines Babys bis zum 6. Lebensmonat. Es hat eine muttermilchnahe Zusammensetzung und enth\u00e4lt alle Eiwei\u00dfe, Fette, Kohlenhydrate, Aminos\u00e4uren, Vitamine und Mineralstoffe, die ein Baby f\u00fcr eine gesunde Entwicklung und ein gesundes Wachstum ben\u00f6tigt. Novalac 1 ist f\u00fcr Babys geeignet, die [&hellip;]<\/p>\n","protected":false},"featured_media":46518,"template":"","meta":{"_acf_changed":false},"product_brand":[1011],"product_cat":[797],"product_tag":[],"class_list":{"0":"post-46516","1":"product","2":"type-product","3":"status-publish","4":"has-post-thumbnail","6":"product_brand-novalac","7":"product_cat-n","8":"pa_packungsgroesse-800g","10":"first","11":"instock","12":"shipping-taxable","13":"purchasable","14":"product-type-simple"},"acf":[],"_links":{"self":[{"href":"https:\/\/www.ernstbrunn-apotheke.at\/katalog\/wp-json\/wp\/v2\/product\/46516","targetHints":{"allow":["GET"]}}],"collection":[{"href":"https:\/\/www.ernstbrunn-apotheke.at\/katalog\/wp-json\/wp\/v2\/product"}],"about":[{"href":"https:\/\/www.ernstbrunn-apotheke.at\/katalog\/wp-json\/wp\/v2\/types\/product"}],"wp:featuredmedia":[{"embeddable":true,"href":"https:\/\/www.ernstbrunn-apotheke.at\/katalog\/wp-json\/wp\/v2\/media\/46518"}],"wp:attachment":[{"href":"https:\/\/www.ernstbrunn-apotheke.at\/katalog\/wp-json\/wp\/v2\/media?parent=46516"}],"wp:term":[{"taxonomy":"product_brand","embeddable":true,"href":"https:\/\/www.ernstbrunn-apotheke.at\/katalog\/wp-json\/wp\/v2\/product_brand?post=46516"},{"taxonomy":"product_cat","embeddable":true,"href":"https:\/\/www.ernstbrunn-apotheke.at\/katalog\/wp-json\/wp\/v2\/product_cat?post=46516"},{"taxonomy":"product_tag","embeddable":true,"href":"https:\/\/www.ernstbrunn-apotheke.at\/katalog\/wp-json\/wp\/v2\/product_tag?post=46516"}],"curies":[{"name":"wp","href":"https:\/\/api.w.org\/{rel}","templated":true}]}}