{"id":46512,"date":"2025-11-10T17:31:05","date_gmt":"2025-11-10T16:31:05","guid":{"rendered":"https:\/\/www.ernstbrunn-apotheke.at\/katalog\/produkt\/quarkpack-topfenkuehlkompresse-s-4-stk\/"},"modified":"2025-12-08T16:27:08","modified_gmt":"2025-12-08T15:27:08","slug":"quarkpack-topfenkuehlkompresse-s-4-stk","status":"publish","type":"product","link":"https:\/\/www.ernstbrunn-apotheke.at\/katalog\/produkt\/quarkpack-topfenkuehlkompresse-s-4-stk\/","title":{"rendered":"Quarkpack Topfenk\u00fchlkompresse S 4 Stk."},"content":{"rendered":"<p>Quarkpack Topfenk\u00fchlkompresse S ist einfach und sauber anzuwenden, immer rasch und frisch zur Hand, ohne aufw\u00e4ndiges Bestreichen von T\u00fcchern, ohne nasse W\u00e4sche oder kr\u00fcmelige Reste nach der Abnahme. Die Kompresse ist ein 100% reines Naturprodukt und wirkt wie frischer Topfen: abschwellend, schmerzlindernd und entz\u00fcndungshemmend.<\/p>\n","protected":false},"excerpt":{"rendered":"<p>Quarkpack Topfenk\u00fchlkompresse S ist einfach und sauber anzuwenden, immer rasch und frisch zur Hand, ohne aufw\u00e4ndiges Bestreichen von T\u00fcchern, ohne nasse W\u00e4sche oder kr\u00fcmelige Reste nach der Abnahme. Die Kompresse ist ein 100% reines Naturprodukt und wirkt wie frischer Topfen: abschwellend, schmerzlindernd und entz\u00fcndungshemmend.<\/p>\n","protected":false},"featured_media":46514,"template":"","meta":{"_acf_changed":false},"product_brand":[],"product_cat":[936],"product_tag":[],"class_list":{"0":"post-46512","1":"product","2":"type-product","3":"status-publish","4":"has-post-thumbnail","6":"product_cat-q","7":"pa_packungsgroesse-4-stueck","9":"first","10":"instock","11":"shipping-taxable","12":"purchasable","13":"product-type-simple"},"acf":[],"_links":{"self":[{"href":"https:\/\/www.ernstbrunn-apotheke.at\/katalog\/wp-json\/wp\/v2\/product\/46512","targetHints":{"allow":["GET"]}}],"collection":[{"href":"https:\/\/www.ernstbrunn-apotheke.at\/katalog\/wp-json\/wp\/v2\/product"}],"about":[{"href":"https:\/\/www.ernstbrunn-apotheke.at\/katalog\/wp-json\/wp\/v2\/types\/product"}],"wp:featuredmedia":[{"embeddable":true,"href":"https:\/\/www.ernstbrunn-apotheke.at\/katalog\/wp-json\/wp\/v2\/media\/46514"}],"wp:attachment":[{"href":"https:\/\/www.ernstbrunn-apotheke.at\/katalog\/wp-json\/wp\/v2\/media?parent=46512"}],"wp:term":[{"taxonomy":"product_brand","embeddable":true,"href":"https:\/\/www.ernstbrunn-apotheke.at\/katalog\/wp-json\/wp\/v2\/product_brand?post=46512"},{"taxonomy":"product_cat","embeddable":true,"href":"https:\/\/www.ernstbrunn-apotheke.at\/katalog\/wp-json\/wp\/v2\/product_cat?post=46512"},{"taxonomy":"product_tag","embeddable":true,"href":"https:\/\/www.ernstbrunn-apotheke.at\/katalog\/wp-json\/wp\/v2\/product_tag?post=46512"}],"curies":[{"name":"wp","href":"https:\/\/api.w.org\/{rel}","templated":true}]}}