{"id":46508,"date":"2025-11-10T17:31:05","date_gmt":"2025-11-10T16:31:05","guid":{"rendered":"https:\/\/www.ernstbrunn-apotheke.at\/katalog\/produkt\/folsan-tabletten-04-mg-50-stk\/"},"modified":"2025-12-08T16:27:07","modified_gmt":"2025-12-08T15:27:07","slug":"folsan-tabletten-04-mg-50-stk","status":"publish","type":"product","link":"https:\/\/www.ernstbrunn-apotheke.at\/katalog\/produkt\/folsan-tabletten-04-mg-50-stk\/","title":{"rendered":"Folsan Tabletten 0,4 mg 50 Stk."},"content":{"rendered":"<p>Folsan Tabletten 0,4 mg beugen Fols\u00e4uremangelzust\u00e4nde vor, wenn eine ausreichende Fols\u00e4urezufuhr mit der Nahrung nicht m\u00f6glich ist. Au\u00dferdem verhindern die Tabletten einen Neuralrohrdefekt bem Neugeborenen, auch bei vollwertiger Ern\u00e4hrung.<\/p>\n","protected":false},"excerpt":{"rendered":"<p>Folsan Tabletten 0,4 mg beugen Fols\u00e4uremangelzust\u00e4nde vor, wenn eine ausreichende Fols\u00e4urezufuhr mit der Nahrung nicht m\u00f6glich ist. Au\u00dferdem verhindern die Tabletten einen Neuralrohrdefekt bem Neugeborenen, auch bei vollwertiger Ern\u00e4hrung.<\/p>\n","protected":false},"featured_media":46510,"template":"","meta":{"_acf_changed":false},"product_brand":[],"product_cat":[809],"product_tag":[],"class_list":{"0":"post-46508","1":"product","2":"type-product","3":"status-publish","4":"has-post-thumbnail","6":"product_cat-f","7":"pa_packungsgroesse-100-stueck","8":"pa_packungsgroesse-50-stueck","10":"first","11":"instock","12":"shipping-taxable","13":"purchasable","14":"product-type-simple"},"acf":[],"_links":{"self":[{"href":"https:\/\/www.ernstbrunn-apotheke.at\/katalog\/wp-json\/wp\/v2\/product\/46508","targetHints":{"allow":["GET"]}}],"collection":[{"href":"https:\/\/www.ernstbrunn-apotheke.at\/katalog\/wp-json\/wp\/v2\/product"}],"about":[{"href":"https:\/\/www.ernstbrunn-apotheke.at\/katalog\/wp-json\/wp\/v2\/types\/product"}],"wp:featuredmedia":[{"embeddable":true,"href":"https:\/\/www.ernstbrunn-apotheke.at\/katalog\/wp-json\/wp\/v2\/media\/46510"}],"wp:attachment":[{"href":"https:\/\/www.ernstbrunn-apotheke.at\/katalog\/wp-json\/wp\/v2\/media?parent=46508"}],"wp:term":[{"taxonomy":"product_brand","embeddable":true,"href":"https:\/\/www.ernstbrunn-apotheke.at\/katalog\/wp-json\/wp\/v2\/product_brand?post=46508"},{"taxonomy":"product_cat","embeddable":true,"href":"https:\/\/www.ernstbrunn-apotheke.at\/katalog\/wp-json\/wp\/v2\/product_cat?post=46508"},{"taxonomy":"product_tag","embeddable":true,"href":"https:\/\/www.ernstbrunn-apotheke.at\/katalog\/wp-json\/wp\/v2\/product_tag?post=46508"}],"curies":[{"name":"wp","href":"https:\/\/api.w.org\/{rel}","templated":true}]}}