{"id":46498,"date":"2025-11-10T17:30:08","date_gmt":"2025-11-10T16:30:08","guid":{"rendered":"https:\/\/www.ernstbrunn-apotheke.at\/katalog\/produkt\/pregnavit-plus-select-tabletten-kapseln-120-stk-phase-2\/"},"modified":"2025-12-08T16:27:05","modified_gmt":"2025-12-08T15:27:05","slug":"pregnavit-plus-select-tabletten-kapseln-120-stk-phase-2","status":"publish","type":"product","link":"https:\/\/www.ernstbrunn-apotheke.at\/katalog\/produkt\/pregnavit-plus-select-tabletten-kapseln-120-stk-phase-2\/","title":{"rendered":"Pregnavit Plus Select Tabletten + Kapseln 120 Stk. Phase 2"},"content":{"rendered":"<p>Pregnavit PLUS Select Phase II ist ein di\u00e4tetisches Lebensmittel zu besonderen Ern\u00e4hrungszwecken f\u00fcr Frauen ab der 13. Schwangerschaftswoche. Pregnavit PLUS Select Phase II deckt den Mehrbedarf an Vitaminen und Mineralstoffen in der zweiten Schwangerschaftsphase ab und kann bis zum Ende der Stillzeit genommen werden.<\/p>\n","protected":false},"excerpt":{"rendered":"<p>Pregnavit PLUS Select Phase II ist ein di\u00e4tetisches Lebensmittel zu besonderen Ern\u00e4hrungszwecken f\u00fcr Frauen ab der 13. Schwangerschaftswoche. Pregnavit PLUS Select Phase II deckt den Mehrbedarf an Vitaminen und Mineralstoffen in der zweiten Schwangerschaftsphase ab und kann bis zum Ende der Stillzeit genommen werden.<\/p>\n","protected":false},"featured_media":46500,"template":"","meta":{"_acf_changed":false},"product_brand":[],"product_cat":[793],"product_tag":[],"class_list":{"0":"post-46498","1":"product","2":"type-product","3":"status-publish","4":"has-post-thumbnail","6":"product_cat-p","7":"pa_packungsgroesse-120-stueck","9":"first","10":"instock","11":"shipping-taxable","12":"purchasable","13":"product-type-simple"},"acf":[],"_links":{"self":[{"href":"https:\/\/www.ernstbrunn-apotheke.at\/katalog\/wp-json\/wp\/v2\/product\/46498","targetHints":{"allow":["GET"]}}],"collection":[{"href":"https:\/\/www.ernstbrunn-apotheke.at\/katalog\/wp-json\/wp\/v2\/product"}],"about":[{"href":"https:\/\/www.ernstbrunn-apotheke.at\/katalog\/wp-json\/wp\/v2\/types\/product"}],"wp:featuredmedia":[{"embeddable":true,"href":"https:\/\/www.ernstbrunn-apotheke.at\/katalog\/wp-json\/wp\/v2\/media\/46500"}],"wp:attachment":[{"href":"https:\/\/www.ernstbrunn-apotheke.at\/katalog\/wp-json\/wp\/v2\/media?parent=46498"}],"wp:term":[{"taxonomy":"product_brand","embeddable":true,"href":"https:\/\/www.ernstbrunn-apotheke.at\/katalog\/wp-json\/wp\/v2\/product_brand?post=46498"},{"taxonomy":"product_cat","embeddable":true,"href":"https:\/\/www.ernstbrunn-apotheke.at\/katalog\/wp-json\/wp\/v2\/product_cat?post=46498"},{"taxonomy":"product_tag","embeddable":true,"href":"https:\/\/www.ernstbrunn-apotheke.at\/katalog\/wp-json\/wp\/v2\/product_tag?post=46498"}],"curies":[{"name":"wp","href":"https:\/\/api.w.org\/{rel}","templated":true}]}}