{"id":46453,"date":"2025-11-10T17:29:23","date_gmt":"2025-11-10T16:29:23","guid":{"rendered":"https:\/\/www.ernstbrunn-apotheke.at\/katalog\/produkt\/thymian-myrtenbalsam-30-g\/"},"modified":"2025-12-08T16:26:59","modified_gmt":"2025-12-08T15:26:59","slug":"thymian-myrtenbalsam-30-g","status":"publish","type":"product","link":"https:\/\/www.ernstbrunn-apotheke.at\/katalog\/produkt\/thymian-myrtenbalsam-30-g\/","title":{"rendered":"Thymian Myrtenbalsam 30 g"},"content":{"rendered":"<p>Thymian Myrtenbalsam ist besonders f\u00fcr die Kleinen ab 3 Monaten beruhigend und entspannend zugleich. Die enthaltenen D\u00fcfte der Natur sind gerade w\u00e4hrend der Erk\u00e4ltungszeit wohltuend und unentbehrlich. Naturstoffe sind die passende Pflege f\u00fcr Brust und R\u00fccken.<\/p>\n","protected":false},"excerpt":{"rendered":"<p>Thymian Myrtenbalsam ist besonders f\u00fcr die Kleinen ab 3 Monaten beruhigend und entspannend zugleich. Die enthaltenen D\u00fcfte der Natur sind gerade w\u00e4hrend der Erk\u00e4ltungszeit wohltuend und unentbehrlich. Naturstoffe sind die passende Pflege f\u00fcr Brust und R\u00fccken.<\/p>\n","protected":false},"featured_media":46455,"template":"","meta":{"_acf_changed":false},"product_brand":[],"product_cat":[798],"product_tag":[],"class_list":{"0":"post-46453","1":"product","2":"type-product","3":"status-publish","4":"has-post-thumbnail","6":"product_cat-t","7":"pa_packungsgroesse-30g","9":"first","10":"instock","11":"shipping-taxable","12":"purchasable","13":"product-type-simple"},"acf":[],"_links":{"self":[{"href":"https:\/\/www.ernstbrunn-apotheke.at\/katalog\/wp-json\/wp\/v2\/product\/46453","targetHints":{"allow":["GET"]}}],"collection":[{"href":"https:\/\/www.ernstbrunn-apotheke.at\/katalog\/wp-json\/wp\/v2\/product"}],"about":[{"href":"https:\/\/www.ernstbrunn-apotheke.at\/katalog\/wp-json\/wp\/v2\/types\/product"}],"wp:featuredmedia":[{"embeddable":true,"href":"https:\/\/www.ernstbrunn-apotheke.at\/katalog\/wp-json\/wp\/v2\/media\/46455"}],"wp:attachment":[{"href":"https:\/\/www.ernstbrunn-apotheke.at\/katalog\/wp-json\/wp\/v2\/media?parent=46453"}],"wp:term":[{"taxonomy":"product_brand","embeddable":true,"href":"https:\/\/www.ernstbrunn-apotheke.at\/katalog\/wp-json\/wp\/v2\/product_brand?post=46453"},{"taxonomy":"product_cat","embeddable":true,"href":"https:\/\/www.ernstbrunn-apotheke.at\/katalog\/wp-json\/wp\/v2\/product_cat?post=46453"},{"taxonomy":"product_tag","embeddable":true,"href":"https:\/\/www.ernstbrunn-apotheke.at\/katalog\/wp-json\/wp\/v2\/product_tag?post=46453"}],"curies":[{"name":"wp","href":"https:\/\/api.w.org\/{rel}","templated":true}]}}