{"id":46426,"date":"2025-11-10T17:29:23","date_gmt":"2025-11-10T16:29:23","guid":{"rendered":"https:\/\/www.ernstbrunn-apotheke.at\/katalog\/produkt\/novalac-2-800-g-dose\/"},"modified":"2025-12-08T16:26:53","modified_gmt":"2025-12-08T15:26:53","slug":"novalac-2-800-g-dose","status":"publish","type":"product","link":"https:\/\/www.ernstbrunn-apotheke.at\/katalog\/produkt\/novalac-2-800-g-dose\/","title":{"rendered":"Novalac 2 800 g Dose"},"content":{"rendered":"<p>Novalac 2 universelle Folgemilch eignet sich ideal f\u00fcr Babys nach dem 6. Lebensmonat im Rahmen einer gemischten Ern\u00e4hrung mit Beikost. Geeignet zum Zuf\u00fcttern, wenn Stillen nicht genug s\u00e4ttigt und als Folgenahrung im Anschluss an Novalac 1 S\u00e4uglingsanfangsmilchnahrung. Novalac 2 universelle Folgemilch hat eine muttermilchnahe Zusammensetzung und enth\u00e4lt alle Eiwei\u00dfe, Fette, Kohlenhydrate, Aminos\u00e4uren, Vitamine und Mineralstoffe, die ein Baby f\u00fcr eine gesunde Entwicklung und ein gesundes Wachstum ben\u00f6tigt.<\/p>\n","protected":false},"excerpt":{"rendered":"<p>Novalac 2 universelle Folgemilch eignet sich ideal f\u00fcr Babys nach dem 6. Lebensmonat im Rahmen einer gemischten Ern\u00e4hrung mit Beikost. Geeignet zum Zuf\u00fcttern, wenn Stillen nicht genug s\u00e4ttigt und als Folgenahrung im Anschluss an Novalac 1 S\u00e4uglingsanfangsmilchnahrung. Novalac 2 universelle Folgemilch hat eine muttermilchnahe Zusammensetzung und enth\u00e4lt alle Eiwei\u00dfe, Fette, Kohlenhydrate, Aminos\u00e4uren, Vitamine und Mineralstoffe, [&hellip;]<\/p>\n","protected":false},"featured_media":46428,"template":"","meta":{"_acf_changed":false},"product_brand":[1011],"product_cat":[797],"product_tag":[],"class_list":{"0":"post-46426","1":"product","2":"type-product","3":"status-publish","4":"has-post-thumbnail","6":"product_brand-novalac","7":"product_cat-n","8":"pa_packungsgroesse-800g","10":"first","11":"instock","12":"shipping-taxable","13":"purchasable","14":"product-type-simple"},"acf":[],"_links":{"self":[{"href":"https:\/\/www.ernstbrunn-apotheke.at\/katalog\/wp-json\/wp\/v2\/product\/46426","targetHints":{"allow":["GET"]}}],"collection":[{"href":"https:\/\/www.ernstbrunn-apotheke.at\/katalog\/wp-json\/wp\/v2\/product"}],"about":[{"href":"https:\/\/www.ernstbrunn-apotheke.at\/katalog\/wp-json\/wp\/v2\/types\/product"}],"wp:featuredmedia":[{"embeddable":true,"href":"https:\/\/www.ernstbrunn-apotheke.at\/katalog\/wp-json\/wp\/v2\/media\/46428"}],"wp:attachment":[{"href":"https:\/\/www.ernstbrunn-apotheke.at\/katalog\/wp-json\/wp\/v2\/media?parent=46426"}],"wp:term":[{"taxonomy":"product_brand","embeddable":true,"href":"https:\/\/www.ernstbrunn-apotheke.at\/katalog\/wp-json\/wp\/v2\/product_brand?post=46426"},{"taxonomy":"product_cat","embeddable":true,"href":"https:\/\/www.ernstbrunn-apotheke.at\/katalog\/wp-json\/wp\/v2\/product_cat?post=46426"},{"taxonomy":"product_tag","embeddable":true,"href":"https:\/\/www.ernstbrunn-apotheke.at\/katalog\/wp-json\/wp\/v2\/product_tag?post=46426"}],"curies":[{"name":"wp","href":"https:\/\/api.w.org\/{rel}","templated":true}]}}