{"id":46416,"date":"2025-11-10T17:28:40","date_gmt":"2025-11-10T16:28:40","guid":{"rendered":"https:\/\/www.ernstbrunn-apotheke.at\/katalog\/produkt\/mama-aua-zahn-20-ml\/"},"modified":"2025-12-08T16:26:52","modified_gmt":"2025-12-08T15:26:52","slug":"mama-aua-zahn-20-ml","status":"publish","type":"product","link":"https:\/\/www.ernstbrunn-apotheke.at\/katalog\/produkt\/mama-aua-zahn-20-ml\/","title":{"rendered":"Mama Aua! Zahn 20 ml"},"content":{"rendered":"<p>Mama Aua! Zahn hilft, wenn die ersten Z\u00e4hnchen kommen oder bei einem Wackelzahn. Es wirkt beruhigend, unterst\u00fctzt die Regeneration der Zahn- und Mundschleimhaut und ist besonders empfehlenswert f\u00fcr die sensible Zeit des Zahnens und den Milchzahnwechsel.<\/p>\n","protected":false},"excerpt":{"rendered":"<p>Mama Aua! Zahn hilft, wenn die ersten Z\u00e4hnchen kommen oder bei einem Wackelzahn. Es wirkt beruhigend, unterst\u00fctzt die Regeneration der Zahn- und Mundschleimhaut und ist besonders empfehlenswert f\u00fcr die sensible Zeit des Zahnens und den Milchzahnwechsel.<\/p>\n","protected":false},"featured_media":46418,"template":"","meta":{"_acf_changed":false},"product_brand":[1013],"product_cat":[800],"product_tag":[],"class_list":{"0":"post-46416","1":"product","2":"type-product","3":"status-publish","4":"has-post-thumbnail","6":"product_brand-mama-aua","7":"product_cat-m","8":"pa_packungsgroesse-20ml","10":"first","11":"instock","12":"shipping-taxable","13":"purchasable","14":"product-type-simple"},"acf":[],"_links":{"self":[{"href":"https:\/\/www.ernstbrunn-apotheke.at\/katalog\/wp-json\/wp\/v2\/product\/46416","targetHints":{"allow":["GET"]}}],"collection":[{"href":"https:\/\/www.ernstbrunn-apotheke.at\/katalog\/wp-json\/wp\/v2\/product"}],"about":[{"href":"https:\/\/www.ernstbrunn-apotheke.at\/katalog\/wp-json\/wp\/v2\/types\/product"}],"wp:featuredmedia":[{"embeddable":true,"href":"https:\/\/www.ernstbrunn-apotheke.at\/katalog\/wp-json\/wp\/v2\/media\/46418"}],"wp:attachment":[{"href":"https:\/\/www.ernstbrunn-apotheke.at\/katalog\/wp-json\/wp\/v2\/media?parent=46416"}],"wp:term":[{"taxonomy":"product_brand","embeddable":true,"href":"https:\/\/www.ernstbrunn-apotheke.at\/katalog\/wp-json\/wp\/v2\/product_brand?post=46416"},{"taxonomy":"product_cat","embeddable":true,"href":"https:\/\/www.ernstbrunn-apotheke.at\/katalog\/wp-json\/wp\/v2\/product_cat?post=46416"},{"taxonomy":"product_tag","embeddable":true,"href":"https:\/\/www.ernstbrunn-apotheke.at\/katalog\/wp-json\/wp\/v2\/product_tag?post=46416"}],"curies":[{"name":"wp","href":"https:\/\/api.w.org\/{rel}","templated":true}]}}