{"id":46259,"date":"2025-11-10T17:26:13","date_gmt":"2025-11-10T16:26:13","guid":{"rendered":"https:\/\/www.ernstbrunn-apotheke.at\/katalog\/produkt\/artrin-kraeuterextrakt-creme-50-ml\/"},"modified":"2025-12-08T16:26:23","modified_gmt":"2025-12-08T15:26:23","slug":"artrin-kraeuterextrakt-creme-50-ml","status":"publish","type":"product","link":"https:\/\/www.ernstbrunn-apotheke.at\/katalog\/produkt\/artrin-kraeuterextrakt-creme-50-ml\/","title":{"rendered":"Artrin Kr\u00e4uterextrakt Creme 50 ml"},"content":{"rendered":"<p>Artrin Kr\u00e4uterextrakt Creme kann den K\u00f6rper bei der Harmonisierung der Meridiane Nieren, Harnblase, Leber, Milz und Magen unterst\u00fctzen. Die Creme beinhaltet 15 verschiedene Kr\u00e4uterextrakte und ist zur \u00e4u\u00dferlichen Anwendung bestimmt.<\/p>\n","protected":false},"excerpt":{"rendered":"<p>Artrin Kr\u00e4uterextrakt Creme kann den K\u00f6rper bei der Harmonisierung der Meridiane Nieren, Harnblase, Leber, Milz und Magen unterst\u00fctzen. Die Creme beinhaltet 15 verschiedene Kr\u00e4uterextrakte und ist zur \u00e4u\u00dferlichen Anwendung bestimmt.<\/p>\n","protected":false},"featured_media":46261,"template":"","meta":{"_acf_changed":false},"product_brand":[],"product_cat":[801],"product_tag":[],"class_list":{"0":"post-46259","1":"product","2":"type-product","3":"status-publish","4":"has-post-thumbnail","6":"product_cat-a","7":"pa_packungsgroesse-50ml","9":"first","10":"instock","11":"shipping-taxable","12":"purchasable","13":"product-type-simple"},"acf":[],"_links":{"self":[{"href":"https:\/\/www.ernstbrunn-apotheke.at\/katalog\/wp-json\/wp\/v2\/product\/46259","targetHints":{"allow":["GET"]}}],"collection":[{"href":"https:\/\/www.ernstbrunn-apotheke.at\/katalog\/wp-json\/wp\/v2\/product"}],"about":[{"href":"https:\/\/www.ernstbrunn-apotheke.at\/katalog\/wp-json\/wp\/v2\/types\/product"}],"wp:featuredmedia":[{"embeddable":true,"href":"https:\/\/www.ernstbrunn-apotheke.at\/katalog\/wp-json\/wp\/v2\/media\/46261"}],"wp:attachment":[{"href":"https:\/\/www.ernstbrunn-apotheke.at\/katalog\/wp-json\/wp\/v2\/media?parent=46259"}],"wp:term":[{"taxonomy":"product_brand","embeddable":true,"href":"https:\/\/www.ernstbrunn-apotheke.at\/katalog\/wp-json\/wp\/v2\/product_brand?post=46259"},{"taxonomy":"product_cat","embeddable":true,"href":"https:\/\/www.ernstbrunn-apotheke.at\/katalog\/wp-json\/wp\/v2\/product_cat?post=46259"},{"taxonomy":"product_tag","embeddable":true,"href":"https:\/\/www.ernstbrunn-apotheke.at\/katalog\/wp-json\/wp\/v2\/product_tag?post=46259"}],"curies":[{"name":"wp","href":"https:\/\/api.w.org\/{rel}","templated":true}]}}