{"id":46227,"date":"2025-11-10T17:25:46","date_gmt":"2025-11-10T16:25:46","guid":{"rendered":"https:\/\/www.ernstbrunn-apotheke.at\/katalog\/produkt\/allgaeuer-latschenkiefer-gel-100-ml\/"},"modified":"2025-12-08T16:26:15","modified_gmt":"2025-12-08T15:26:15","slug":"allgaeuer-latschenkiefer-gel-100-ml","status":"publish","type":"product","link":"https:\/\/www.ernstbrunn-apotheke.at\/katalog\/produkt\/allgaeuer-latschenkiefer-gel-100-ml\/","title":{"rendered":"Allg\u00e4uer Latschenkiefer Gel 100 ml"},"content":{"rendered":"<p>Allg\u00e4uer Latschenkiefer Gel enth\u00e4lt wertvolles Allg\u00e4uer Latschenkiefern\u00f6l, Arnikaextrakt und Vitamin E. Es ist eine wohltuende Pflege f\u00fcr Ihre Haut und eignet sich durch seinen k\u00fchlenden Effekt auch besonders gut bei Muskelverspannungen. Verw\u00f6hnen und pflegen Sie damit Nacken, Schulter, Beine.<\/p>\n","protected":false},"excerpt":{"rendered":"<p>Allg\u00e4uer Latschenkiefer Gel enth\u00e4lt wertvolles Allg\u00e4uer Latschenkiefern\u00f6l, Arnikaextrakt und Vitamin E. Es ist eine wohltuende Pflege f\u00fcr Ihre Haut und eignet sich durch seinen k\u00fchlenden Effekt auch besonders gut bei Muskelverspannungen. Verw\u00f6hnen und pflegen Sie damit Nacken, Schulter, Beine.<\/p>\n","protected":false},"featured_media":46229,"template":"","meta":{"_acf_changed":false},"product_brand":[744],"product_cat":[801],"product_tag":[],"class_list":{"0":"post-46227","1":"product","2":"type-product","3":"status-publish","4":"has-post-thumbnail","6":"product_brand-allgaeuer-latschenkiefer","7":"product_cat-a","8":"pa_packungsgroesse-100ml","10":"first","11":"instock","12":"shipping-taxable","13":"purchasable","14":"product-type-simple"},"acf":[],"_links":{"self":[{"href":"https:\/\/www.ernstbrunn-apotheke.at\/katalog\/wp-json\/wp\/v2\/product\/46227","targetHints":{"allow":["GET"]}}],"collection":[{"href":"https:\/\/www.ernstbrunn-apotheke.at\/katalog\/wp-json\/wp\/v2\/product"}],"about":[{"href":"https:\/\/www.ernstbrunn-apotheke.at\/katalog\/wp-json\/wp\/v2\/types\/product"}],"wp:featuredmedia":[{"embeddable":true,"href":"https:\/\/www.ernstbrunn-apotheke.at\/katalog\/wp-json\/wp\/v2\/media\/46229"}],"wp:attachment":[{"href":"https:\/\/www.ernstbrunn-apotheke.at\/katalog\/wp-json\/wp\/v2\/media?parent=46227"}],"wp:term":[{"taxonomy":"product_brand","embeddable":true,"href":"https:\/\/www.ernstbrunn-apotheke.at\/katalog\/wp-json\/wp\/v2\/product_brand?post=46227"},{"taxonomy":"product_cat","embeddable":true,"href":"https:\/\/www.ernstbrunn-apotheke.at\/katalog\/wp-json\/wp\/v2\/product_cat?post=46227"},{"taxonomy":"product_tag","embeddable":true,"href":"https:\/\/www.ernstbrunn-apotheke.at\/katalog\/wp-json\/wp\/v2\/product_tag?post=46227"}],"curies":[{"name":"wp","href":"https:\/\/api.w.org\/{rel}","templated":true}]}}