{"id":46182,"date":"2025-11-10T17:24:52","date_gmt":"2025-11-10T16:24:52","guid":{"rendered":"https:\/\/www.ernstbrunn-apotheke.at\/katalog\/produkt\/massage-oel-holzhacker-neutral\/"},"modified":"2025-12-08T16:26:04","modified_gmt":"2025-12-08T15:26:04","slug":"massage-oel-holzhacker-neutral","status":"publish","type":"product","link":"https:\/\/www.ernstbrunn-apotheke.at\/katalog\/produkt\/massage-oel-holzhacker-neutral\/","title":{"rendered":"Massage \u00d6l Holzhacker (Neutral)"},"content":{"rendered":"<p>Holzhacker ist eine Tochterfirma des Unternehmens Riviera. Riviera ist europaweit bekannt f\u00fcr die Herstellung von traditionell pflanzlichen Arzneimitteln und Phytokosmetika, wie Salben, Cremes und \u00d6len. Zu den erfolgreichsten Markenprodukten von Riviera z\u00e4hlen Original Schwedenbitter und Holzhacker Franzbranntwein. Das Traditionsunternehmen wurde im Jahre 1923 von Robert Schrenk gegr\u00fcndet und befindet sich immer noch im Familienbesitz. Als besondere Auszeichnung erhielt Riviera im Jahr 2009 das Staatswappen der Republik \u00d6sterreich verliehen. Diese Ehre wird nur Unternehmen zuteil, die sich, durch au\u00dfergew\u00f6hnliche Leistungen um die \u00f6sterreichische Wirtschaft, Verdienste erworben haben.<\/p>\n","protected":false},"excerpt":{"rendered":"<p>Holzhacker ist eine Tochterfirma des Unternehmens Riviera. Riviera ist europaweit bekannt f\u00fcr die Herstellung von traditionell pflanzlichen Arzneimitteln und Phytokosmetika, wie Salben, Cremes und \u00d6len. Zu den erfolgreichsten Markenprodukten von Riviera z\u00e4hlen Original Schwedenbitter und Holzhacker Franzbranntwein. Das Traditionsunternehmen wurde im Jahre 1923 von Robert Schrenk gegr\u00fcndet und befindet sich immer noch im Familienbesitz. Als [&hellip;]<\/p>\n","protected":false},"featured_media":0,"template":"","meta":{"_acf_changed":false},"product_brand":[],"product_cat":[800],"product_tag":[],"class_list":{"0":"post-46182","1":"product","2":"type-product","3":"status-publish","5":"product_cat-m","6":"pa_packungsgroesse-1l","8":"first","9":"instock","10":"shipping-taxable","11":"purchasable","12":"product-type-simple"},"acf":[],"_links":{"self":[{"href":"https:\/\/www.ernstbrunn-apotheke.at\/katalog\/wp-json\/wp\/v2\/product\/46182","targetHints":{"allow":["GET"]}}],"collection":[{"href":"https:\/\/www.ernstbrunn-apotheke.at\/katalog\/wp-json\/wp\/v2\/product"}],"about":[{"href":"https:\/\/www.ernstbrunn-apotheke.at\/katalog\/wp-json\/wp\/v2\/types\/product"}],"wp:attachment":[{"href":"https:\/\/www.ernstbrunn-apotheke.at\/katalog\/wp-json\/wp\/v2\/media?parent=46182"}],"wp:term":[{"taxonomy":"product_brand","embeddable":true,"href":"https:\/\/www.ernstbrunn-apotheke.at\/katalog\/wp-json\/wp\/v2\/product_brand?post=46182"},{"taxonomy":"product_cat","embeddable":true,"href":"https:\/\/www.ernstbrunn-apotheke.at\/katalog\/wp-json\/wp\/v2\/product_cat?post=46182"},{"taxonomy":"product_tag","embeddable":true,"href":"https:\/\/www.ernstbrunn-apotheke.at\/katalog\/wp-json\/wp\/v2\/product_tag?post=46182"}],"curies":[{"name":"wp","href":"https:\/\/api.w.org\/{rel}","templated":true}]}}