{"id":46169,"date":"2025-11-10T17:24:25","date_gmt":"2025-11-10T16:24:25","guid":{"rendered":"https:\/\/www.ernstbrunn-apotheke.at\/katalog\/produkt\/kneipp-arnika-franzbranntwein-spray-150-ml\/"},"modified":"2025-12-08T16:26:01","modified_gmt":"2025-12-08T15:26:01","slug":"kneipp-arnika-franzbranntwein-spray-150-ml","status":"publish","type":"product","link":"https:\/\/www.ernstbrunn-apotheke.at\/katalog\/produkt\/kneipp-arnika-franzbranntwein-spray-150-ml\/","title":{"rendered":"Kneipp Arnika Franzbranntwein Spray 150 ml"},"content":{"rendered":"<p>Kneipp Arnika Franzbranntwein Spray 150 ml mit wertvollem Arnika-Extrakt und nat\u00fcrlichen \u00e4therischen \u00d6len aus Latschenkiefer, Fichte, Tanne und Orange wirkt wohltuend bei Sport und Muskelkater, zur Erfrischung bei Hitze und M\u00fcdigkeit, nach k\u00f6rperlichen Aktivit\u00e4ten.<\/p>\n","protected":false},"excerpt":{"rendered":"<p>Kneipp Arnika Franzbranntwein Spray 150 ml mit wertvollem Arnika-Extrakt und nat\u00fcrlichen \u00e4therischen \u00d6len aus Latschenkiefer, Fichte, Tanne und Orange wirkt wohltuend bei Sport und Muskelkater, zur Erfrischung bei Hitze und M\u00fcdigkeit, nach k\u00f6rperlichen Aktivit\u00e4ten.<\/p>\n","protected":false},"featured_media":46171,"template":"","meta":{"_acf_changed":false},"product_brand":[662],"product_cat":[807],"product_tag":[],"class_list":{"0":"post-46169","1":"product","2":"type-product","3":"status-publish","4":"has-post-thumbnail","6":"product_brand-kneipp","7":"product_cat-k","8":"pa_packungsgroesse-150ml","10":"first","11":"instock","12":"shipping-taxable","13":"purchasable","14":"product-type-simple"},"acf":[],"_links":{"self":[{"href":"https:\/\/www.ernstbrunn-apotheke.at\/katalog\/wp-json\/wp\/v2\/product\/46169","targetHints":{"allow":["GET"]}}],"collection":[{"href":"https:\/\/www.ernstbrunn-apotheke.at\/katalog\/wp-json\/wp\/v2\/product"}],"about":[{"href":"https:\/\/www.ernstbrunn-apotheke.at\/katalog\/wp-json\/wp\/v2\/types\/product"}],"wp:featuredmedia":[{"embeddable":true,"href":"https:\/\/www.ernstbrunn-apotheke.at\/katalog\/wp-json\/wp\/v2\/media\/46171"}],"wp:attachment":[{"href":"https:\/\/www.ernstbrunn-apotheke.at\/katalog\/wp-json\/wp\/v2\/media?parent=46169"}],"wp:term":[{"taxonomy":"product_brand","embeddable":true,"href":"https:\/\/www.ernstbrunn-apotheke.at\/katalog\/wp-json\/wp\/v2\/product_brand?post=46169"},{"taxonomy":"product_cat","embeddable":true,"href":"https:\/\/www.ernstbrunn-apotheke.at\/katalog\/wp-json\/wp\/v2\/product_cat?post=46169"},{"taxonomy":"product_tag","embeddable":true,"href":"https:\/\/www.ernstbrunn-apotheke.at\/katalog\/wp-json\/wp\/v2\/product_tag?post=46169"}],"curies":[{"name":"wp","href":"https:\/\/api.w.org\/{rel}","templated":true}]}}