{"id":46118,"date":"2025-11-10T17:23:13","date_gmt":"2025-11-10T16:23:13","guid":{"rendered":"https:\/\/www.ernstbrunn-apotheke.at\/katalog\/produkt\/aethera-joven-weihrauch-creme-200-ml\/"},"modified":"2025-12-08T16:25:48","modified_gmt":"2025-12-08T15:25:48","slug":"aethera-joven-weihrauch-creme-200-ml","status":"publish","type":"product","link":"https:\/\/www.ernstbrunn-apotheke.at\/katalog\/produkt\/aethera-joven-weihrauch-creme-200-ml\/","title":{"rendered":"Aethera Joven Weihrauch Creme 200 ml"},"content":{"rendered":"<p>Aethera Joven Weihrauch Creme wird \u00e4u\u00dferlich angewandt wird der Weihrauch zur unterst\u00fctzenden Behandlung bei Problemen des Bewegungsapparates verwendet. Die Creme mit den Wirkstoffen von Weihrauch, Mandel, Vitamine A-E-F, Meeresalgen, Arnika und Rosmarin wirkt besonders wohltuende bei Gelenksschnerzen.<\/p>\n","protected":false},"excerpt":{"rendered":"<p>Aethera Joven Weihrauch Creme wird \u00e4u\u00dferlich angewandt wird der Weihrauch zur unterst\u00fctzenden Behandlung bei Problemen des Bewegungsapparates verwendet. Die Creme mit den Wirkstoffen von Weihrauch, Mandel, Vitamine A-E-F, Meeresalgen, Arnika und Rosmarin wirkt besonders wohltuende bei Gelenksschnerzen.<\/p>\n","protected":false},"featured_media":46120,"template":"","meta":{"_acf_changed":false},"product_brand":[],"product_cat":[801],"product_tag":[],"class_list":{"0":"post-46118","1":"product","2":"type-product","3":"status-publish","4":"has-post-thumbnail","6":"product_cat-a","7":"pa_packungsgroesse-200ml","9":"first","10":"instock","11":"shipping-taxable","12":"purchasable","13":"product-type-simple"},"acf":[],"_links":{"self":[{"href":"https:\/\/www.ernstbrunn-apotheke.at\/katalog\/wp-json\/wp\/v2\/product\/46118","targetHints":{"allow":["GET"]}}],"collection":[{"href":"https:\/\/www.ernstbrunn-apotheke.at\/katalog\/wp-json\/wp\/v2\/product"}],"about":[{"href":"https:\/\/www.ernstbrunn-apotheke.at\/katalog\/wp-json\/wp\/v2\/types\/product"}],"wp:featuredmedia":[{"embeddable":true,"href":"https:\/\/www.ernstbrunn-apotheke.at\/katalog\/wp-json\/wp\/v2\/media\/46120"}],"wp:attachment":[{"href":"https:\/\/www.ernstbrunn-apotheke.at\/katalog\/wp-json\/wp\/v2\/media?parent=46118"}],"wp:term":[{"taxonomy":"product_brand","embeddable":true,"href":"https:\/\/www.ernstbrunn-apotheke.at\/katalog\/wp-json\/wp\/v2\/product_brand?post=46118"},{"taxonomy":"product_cat","embeddable":true,"href":"https:\/\/www.ernstbrunn-apotheke.at\/katalog\/wp-json\/wp\/v2\/product_cat?post=46118"},{"taxonomy":"product_tag","embeddable":true,"href":"https:\/\/www.ernstbrunn-apotheke.at\/katalog\/wp-json\/wp\/v2\/product_tag?post=46118"}],"curies":[{"name":"wp","href":"https:\/\/api.w.org\/{rel}","templated":true}]}}