{"id":46074,"date":"2025-11-10T17:22:51","date_gmt":"2025-11-10T16:22:51","guid":{"rendered":"https:\/\/www.ernstbrunn-apotheke.at\/katalog\/produkt\/riviera-latschenkiefer-salbe-aktiv-75-ml\/"},"modified":"2025-12-08T16:25:39","modified_gmt":"2025-12-08T15:25:39","slug":"riviera-latschenkiefer-salbe-aktiv-75-ml","status":"publish","type":"product","link":"https:\/\/www.ernstbrunn-apotheke.at\/katalog\/produkt\/riviera-latschenkiefer-salbe-aktiv-75-ml\/","title":{"rendered":"Riviera Latschenkiefer Salbe Aktiv 75 ml"},"content":{"rendered":"<p>Riviera Latschenkiefer Salbe Aktiv: Durch die enthaltenen Wirkstoffe hilft Latschenkiefer Aktiv-Salbe bei M\u00fcdigkeit und Abgespanntheit von \u00fcberbeanspruchten K\u00f6rperpartien. Das Latschenkiefer\u00f6l in der Pflegesalbe wirkt auf der Haut belebend und erfrischend.<\/p>\n","protected":false},"excerpt":{"rendered":"<p>Riviera Latschenkiefer Salbe Aktiv: Durch die enthaltenen Wirkstoffe hilft Latschenkiefer Aktiv-Salbe bei M\u00fcdigkeit und Abgespanntheit von \u00fcberbeanspruchten K\u00f6rperpartien. Das Latschenkiefer\u00f6l in der Pflegesalbe wirkt auf der Haut belebend und erfrischend.<\/p>\n","protected":false},"featured_media":46076,"template":"","meta":{"_acf_changed":false},"product_brand":[303],"product_cat":[808],"product_tag":[],"class_list":{"0":"post-46074","1":"product","2":"type-product","3":"status-publish","4":"has-post-thumbnail","6":"product_brand-riviera","7":"product_cat-r","8":"pa_packungsgroesse-75ml","10":"first","11":"instock","12":"shipping-taxable","13":"purchasable","14":"product-type-simple"},"acf":[],"_links":{"self":[{"href":"https:\/\/www.ernstbrunn-apotheke.at\/katalog\/wp-json\/wp\/v2\/product\/46074","targetHints":{"allow":["GET"]}}],"collection":[{"href":"https:\/\/www.ernstbrunn-apotheke.at\/katalog\/wp-json\/wp\/v2\/product"}],"about":[{"href":"https:\/\/www.ernstbrunn-apotheke.at\/katalog\/wp-json\/wp\/v2\/types\/product"}],"wp:featuredmedia":[{"embeddable":true,"href":"https:\/\/www.ernstbrunn-apotheke.at\/katalog\/wp-json\/wp\/v2\/media\/46076"}],"wp:attachment":[{"href":"https:\/\/www.ernstbrunn-apotheke.at\/katalog\/wp-json\/wp\/v2\/media?parent=46074"}],"wp:term":[{"taxonomy":"product_brand","embeddable":true,"href":"https:\/\/www.ernstbrunn-apotheke.at\/katalog\/wp-json\/wp\/v2\/product_brand?post=46074"},{"taxonomy":"product_cat","embeddable":true,"href":"https:\/\/www.ernstbrunn-apotheke.at\/katalog\/wp-json\/wp\/v2\/product_cat?post=46074"},{"taxonomy":"product_tag","embeddable":true,"href":"https:\/\/www.ernstbrunn-apotheke.at\/katalog\/wp-json\/wp\/v2\/product_tag?post=46074"}],"curies":[{"name":"wp","href":"https:\/\/api.w.org\/{rel}","templated":true}]}}