{"id":46030,"date":"2025-11-10T17:21:47","date_gmt":"2025-11-10T16:21:47","guid":{"rendered":"https:\/\/www.ernstbrunn-apotheke.at\/katalog\/produkt\/arthrobene-sport-cool-down-200-ml\/"},"modified":"2025-12-08T16:25:27","modified_gmt":"2025-12-08T15:25:27","slug":"arthrobene-sport-cool-down-200-ml","status":"publish","type":"product","link":"https:\/\/www.ernstbrunn-apotheke.at\/katalog\/produkt\/arthrobene-sport-cool-down-200-ml\/","title":{"rendered":"Arthrobene Sport Cool Down 200 ml"},"content":{"rendered":"<p>Arthrobene Sport Cool Down \u2013 wohltuend f\u00fcr Muskeln und Gelenke! Das praktische Gel wirkt tonisierend, erfrischend und k\u00fchlend und pflegt beanspruchte K\u00f6rperstellen wie Gelenke, Sehnen und B\u00e4nder.<\/p>\n","protected":false},"excerpt":{"rendered":"<p>Arthrobene Sport Cool Down \u2013 wohltuend f\u00fcr Muskeln und Gelenke! Das praktische Gel wirkt tonisierend, erfrischend und k\u00fchlend und pflegt beanspruchte K\u00f6rperstellen wie Gelenke, Sehnen und B\u00e4nder.<\/p>\n","protected":false},"featured_media":46032,"template":"","meta":{"_acf_changed":false},"product_brand":[],"product_cat":[801],"product_tag":[],"class_list":{"0":"post-46030","1":"product","2":"type-product","3":"status-publish","4":"has-post-thumbnail","6":"product_cat-a","7":"pa_farbe-blau","8":"pa_packungsgroesse-200ml","10":"first","11":"instock","12":"shipping-taxable","13":"purchasable","14":"product-type-simple"},"acf":[],"_links":{"self":[{"href":"https:\/\/www.ernstbrunn-apotheke.at\/katalog\/wp-json\/wp\/v2\/product\/46030","targetHints":{"allow":["GET"]}}],"collection":[{"href":"https:\/\/www.ernstbrunn-apotheke.at\/katalog\/wp-json\/wp\/v2\/product"}],"about":[{"href":"https:\/\/www.ernstbrunn-apotheke.at\/katalog\/wp-json\/wp\/v2\/types\/product"}],"wp:featuredmedia":[{"embeddable":true,"href":"https:\/\/www.ernstbrunn-apotheke.at\/katalog\/wp-json\/wp\/v2\/media\/46032"}],"wp:attachment":[{"href":"https:\/\/www.ernstbrunn-apotheke.at\/katalog\/wp-json\/wp\/v2\/media?parent=46030"}],"wp:term":[{"taxonomy":"product_brand","embeddable":true,"href":"https:\/\/www.ernstbrunn-apotheke.at\/katalog\/wp-json\/wp\/v2\/product_brand?post=46030"},{"taxonomy":"product_cat","embeddable":true,"href":"https:\/\/www.ernstbrunn-apotheke.at\/katalog\/wp-json\/wp\/v2\/product_cat?post=46030"},{"taxonomy":"product_tag","embeddable":true,"href":"https:\/\/www.ernstbrunn-apotheke.at\/katalog\/wp-json\/wp\/v2\/product_tag?post=46030"}],"curies":[{"name":"wp","href":"https:\/\/api.w.org\/{rel}","templated":true}]}}