{"id":45966,"date":"2025-11-10T17:20:23","date_gmt":"2025-11-10T16:20:23","guid":{"rendered":"https:\/\/www.ernstbrunn-apotheke.at\/katalog\/produkt\/allgaeuer-latschenkiefer-arnika-vital-fluid\/"},"modified":"2025-12-08T16:25:15","modified_gmt":"2025-12-08T15:25:15","slug":"allgaeuer-latschenkiefer-arnika-vital-fluid","status":"publish","type":"product","link":"https:\/\/www.ernstbrunn-apotheke.at\/katalog\/produkt\/allgaeuer-latschenkiefer-arnika-vital-fluid\/","title":{"rendered":"Allg\u00e4uer Latschenkiefer Arnika Vital Fluid"},"content":{"rendered":"<p>Allg\u00e4uer Latschenkiefer Arnika Vital Fluid enth\u00e4lt eine Kombination aus wertvollem Arnikaextrakt, Latschenkiefern\u00f6l, Menthol und Campher. Die pflegenden und vitalisierenden Wirkungen des Arnika Vital Fluids entfalten sich besonders gut, wenn das Produkt f\u00fcr eine Einreibung oder leichte Massage verwendet wird, die als solche wohltuend auf beanspruchte Muskeln wirkt.<\/p>\n","protected":false},"excerpt":{"rendered":"<p>Allg\u00e4uer Latschenkiefer Arnika Vital Fluid enth\u00e4lt eine Kombination aus wertvollem Arnikaextrakt, Latschenkiefern\u00f6l, Menthol und Campher. Die pflegenden und vitalisierenden Wirkungen des Arnika Vital Fluids entfalten sich besonders gut, wenn das Produkt f\u00fcr eine Einreibung oder leichte Massage verwendet wird, die als solche wohltuend auf beanspruchte Muskeln wirkt.<\/p>\n","protected":false},"featured_media":45968,"template":"","meta":{"_acf_changed":false},"product_brand":[744],"product_cat":[801],"product_tag":[],"class_list":{"0":"post-45966","1":"product","2":"type-product","3":"status-publish","4":"has-post-thumbnail","6":"product_brand-allgaeuer-latschenkiefer","7":"product_cat-a","8":"pa_packungsgroesse-100ml","9":"pa_packungsgroesse-250ml","10":"pa_packungsgroesse-500ml","12":"first","13":"instock","14":"shipping-taxable","15":"purchasable","16":"product-type-simple"},"acf":[],"_links":{"self":[{"href":"https:\/\/www.ernstbrunn-apotheke.at\/katalog\/wp-json\/wp\/v2\/product\/45966","targetHints":{"allow":["GET"]}}],"collection":[{"href":"https:\/\/www.ernstbrunn-apotheke.at\/katalog\/wp-json\/wp\/v2\/product"}],"about":[{"href":"https:\/\/www.ernstbrunn-apotheke.at\/katalog\/wp-json\/wp\/v2\/types\/product"}],"wp:featuredmedia":[{"embeddable":true,"href":"https:\/\/www.ernstbrunn-apotheke.at\/katalog\/wp-json\/wp\/v2\/media\/45968"}],"wp:attachment":[{"href":"https:\/\/www.ernstbrunn-apotheke.at\/katalog\/wp-json\/wp\/v2\/media?parent=45966"}],"wp:term":[{"taxonomy":"product_brand","embeddable":true,"href":"https:\/\/www.ernstbrunn-apotheke.at\/katalog\/wp-json\/wp\/v2\/product_brand?post=45966"},{"taxonomy":"product_cat","embeddable":true,"href":"https:\/\/www.ernstbrunn-apotheke.at\/katalog\/wp-json\/wp\/v2\/product_cat?post=45966"},{"taxonomy":"product_tag","embeddable":true,"href":"https:\/\/www.ernstbrunn-apotheke.at\/katalog\/wp-json\/wp\/v2\/product_tag?post=45966"}],"curies":[{"name":"wp","href":"https:\/\/api.w.org\/{rel}","templated":true}]}}