{"id":45910,"date":"2025-11-10T17:19:17","date_gmt":"2025-11-10T16:19:17","guid":{"rendered":"https:\/\/www.ernstbrunn-apotheke.at\/katalog\/produkt\/murmeltier-salbe-100-ml\/"},"modified":"2025-12-08T16:25:07","modified_gmt":"2025-12-08T15:25:07","slug":"murmeltier-salbe-100-ml","status":"publish","type":"product","link":"https:\/\/www.ernstbrunn-apotheke.at\/katalog\/produkt\/murmeltier-salbe-100-ml\/","title":{"rendered":"Murmeltier Salbe 100 ml"},"content":{"rendered":"<p>Murmeltier Salbe mit echtem Murmeltier\u00f6l und Menthol. Wirkt kr\u00e4ftigend und belebend. Frei von Parabenen. Ohne k\u00fcnstliche Farb- und Duftstoffe. Das Murmeltier ist bekannt f\u00fcr seinen ausgiebigen Winterschlaf. Um das k\u00f6rperlich durchzuhalten, legt es sich im Herbst ein Fettpolster an, das haupts\u00e4chlich aus Alpenkr\u00e4utern und Gr\u00e4sern besteht. Somit werden die wertvollen Inhaltsstoffe im Murmeltierfett gelagert. Aus diesen Fettpoltern wird das Murmeltier\u00f6l hergestellt und bietet die Basis f\u00fcr die Murmeltiersalbe.Anwendung Murmeltiersalbe: 2 &#8211; 3x t\u00e4glich zum Einmassieren. Leichte Massagen f\u00f6rdern die Durchblutung der Haut und steigern das Wohlgef\u00fchl. Die Murmeltiersalbe kann mehrmals t\u00e4glich verwendet werden. Nach ca. 21 Tagen sollte die Anwendung der Murmeltiersalbe f\u00fcr ca 1 Woche pausiert werden..<\/p>\n","protected":false},"excerpt":{"rendered":"<p>Murmeltier Salbe mit echtem Murmeltier\u00f6l und Menthol. Wirkt kr\u00e4ftigend und belebend. Frei von Parabenen. Ohne k\u00fcnstliche Farb- und Duftstoffe. Das Murmeltier ist bekannt f\u00fcr seinen ausgiebigen Winterschlaf. Um das k\u00f6rperlich durchzuhalten, legt es sich im Herbst ein Fettpolster an, das haupts\u00e4chlich aus Alpenkr\u00e4utern und Gr\u00e4sern besteht. Somit werden die wertvollen Inhaltsstoffe im Murmeltierfett gelagert. Aus [&hellip;]<\/p>\n","protected":false},"featured_media":45912,"template":"","meta":{"_acf_changed":false},"product_brand":[],"product_cat":[800],"product_tag":[],"class_list":{"0":"post-45910","1":"product","2":"type-product","3":"status-publish","4":"has-post-thumbnail","6":"product_cat-m","7":"pa_packungsgroesse-100ml","9":"first","10":"instock","11":"shipping-taxable","12":"purchasable","13":"product-type-simple"},"acf":[],"_links":{"self":[{"href":"https:\/\/www.ernstbrunn-apotheke.at\/katalog\/wp-json\/wp\/v2\/product\/45910","targetHints":{"allow":["GET"]}}],"collection":[{"href":"https:\/\/www.ernstbrunn-apotheke.at\/katalog\/wp-json\/wp\/v2\/product"}],"about":[{"href":"https:\/\/www.ernstbrunn-apotheke.at\/katalog\/wp-json\/wp\/v2\/types\/product"}],"wp:featuredmedia":[{"embeddable":true,"href":"https:\/\/www.ernstbrunn-apotheke.at\/katalog\/wp-json\/wp\/v2\/media\/45912"}],"wp:attachment":[{"href":"https:\/\/www.ernstbrunn-apotheke.at\/katalog\/wp-json\/wp\/v2\/media?parent=45910"}],"wp:term":[{"taxonomy":"product_brand","embeddable":true,"href":"https:\/\/www.ernstbrunn-apotheke.at\/katalog\/wp-json\/wp\/v2\/product_brand?post=45910"},{"taxonomy":"product_cat","embeddable":true,"href":"https:\/\/www.ernstbrunn-apotheke.at\/katalog\/wp-json\/wp\/v2\/product_cat?post=45910"},{"taxonomy":"product_tag","embeddable":true,"href":"https:\/\/www.ernstbrunn-apotheke.at\/katalog\/wp-json\/wp\/v2\/product_tag?post=45910"}],"curies":[{"name":"wp","href":"https:\/\/api.w.org\/{rel}","templated":true}]}}