{"id":45900,"date":"2025-11-10T17:19:17","date_gmt":"2025-11-10T16:19:17","guid":{"rendered":"https:\/\/www.ernstbrunn-apotheke.at\/katalog\/produkt\/ensbona-teufelssalbe-eis-200-ml\/"},"modified":"2025-12-08T16:25:06","modified_gmt":"2025-12-08T15:25:06","slug":"ensbona-teufelssalbe-eis-200-ml","status":"publish","type":"product","link":"https:\/\/www.ernstbrunn-apotheke.at\/katalog\/produkt\/ensbona-teufelssalbe-eis-200-ml\/","title":{"rendered":"Ensbona Teufelssalbe EIS 200 ml"},"content":{"rendered":"<p>Ensbona Teufelssalbe EIS 200 mit Teufelskralle, Aloe Vera-Extrakt und D-Panthenol sorgt f\u00fcr ein intensives K\u00e4ltegef\u00fchl und lindert Juckreiz. Die k\u00fchlende Menthol-Minz\u00f6l Formulierung ist sp\u00fcrbar erfrischend und wohltuend, insbesondere nach k\u00f6rperlicher Anstrengung und Erm\u00fcdung.<\/p>\n","protected":false},"excerpt":{"rendered":"<p>Ensbona Teufelssalbe EIS 200 mit Teufelskralle, Aloe Vera-Extrakt und D-Panthenol sorgt f\u00fcr ein intensives K\u00e4ltegef\u00fchl und lindert Juckreiz. Die k\u00fchlende Menthol-Minz\u00f6l Formulierung ist sp\u00fcrbar erfrischend und wohltuend, insbesondere nach k\u00f6rperlicher Anstrengung und Erm\u00fcdung.<\/p>\n","protected":false},"featured_media":45902,"template":"","meta":{"_acf_changed":false},"product_brand":[],"product_cat":[794],"product_tag":[],"class_list":{"0":"post-45900","1":"product","2":"type-product","3":"status-publish","4":"has-post-thumbnail","6":"product_cat-e","7":"pa_farbe-blau","8":"pa_packungsgroesse-200ml","10":"first","11":"instock","12":"shipping-taxable","13":"purchasable","14":"product-type-simple"},"acf":[],"_links":{"self":[{"href":"https:\/\/www.ernstbrunn-apotheke.at\/katalog\/wp-json\/wp\/v2\/product\/45900","targetHints":{"allow":["GET"]}}],"collection":[{"href":"https:\/\/www.ernstbrunn-apotheke.at\/katalog\/wp-json\/wp\/v2\/product"}],"about":[{"href":"https:\/\/www.ernstbrunn-apotheke.at\/katalog\/wp-json\/wp\/v2\/types\/product"}],"wp:featuredmedia":[{"embeddable":true,"href":"https:\/\/www.ernstbrunn-apotheke.at\/katalog\/wp-json\/wp\/v2\/media\/45902"}],"wp:attachment":[{"href":"https:\/\/www.ernstbrunn-apotheke.at\/katalog\/wp-json\/wp\/v2\/media?parent=45900"}],"wp:term":[{"taxonomy":"product_brand","embeddable":true,"href":"https:\/\/www.ernstbrunn-apotheke.at\/katalog\/wp-json\/wp\/v2\/product_brand?post=45900"},{"taxonomy":"product_cat","embeddable":true,"href":"https:\/\/www.ernstbrunn-apotheke.at\/katalog\/wp-json\/wp\/v2\/product_cat?post=45900"},{"taxonomy":"product_tag","embeddable":true,"href":"https:\/\/www.ernstbrunn-apotheke.at\/katalog\/wp-json\/wp\/v2\/product_tag?post=45900"}],"curies":[{"name":"wp","href":"https:\/\/api.w.org\/{rel}","templated":true}]}}