{"id":45850,"date":"2025-11-10T17:18:41","date_gmt":"2025-11-10T16:18:41","guid":{"rendered":"https:\/\/www.ernstbrunn-apotheke.at\/katalog\/produkt\/neuners-koerperfit-einreibung-230-ml\/"},"modified":"2025-12-08T16:24:59","modified_gmt":"2025-12-08T15:24:59","slug":"neuners-koerperfit-einreibung-230-ml","status":"publish","type":"product","link":"https:\/\/www.ernstbrunn-apotheke.at\/katalog\/produkt\/neuners-koerperfit-einreibung-230-ml\/","title":{"rendered":"Neuner&#8217;s K\u00f6rperfit Einreibung 230 ml"},"content":{"rendered":"<p>Die Neuner&#8217;s Philosophie ist seit Generationen unver\u00e4ndert. Zur Erhaltung und Wiedererlangung von Gesundheit standen immer nat\u00fcrliche Mittel und Methoden im Mittelpunkt.<\/p>\n","protected":false},"excerpt":{"rendered":"<p>Die Neuner&#8217;s Philosophie ist seit Generationen unver\u00e4ndert. Zur Erhaltung und Wiedererlangung von Gesundheit standen immer nat\u00fcrliche Mittel und Methoden im Mittelpunkt.<\/p>\n","protected":false},"featured_media":45852,"template":"","meta":{"_acf_changed":false},"product_brand":[1004],"product_cat":[797],"product_tag":[],"class_list":{"0":"post-45850","1":"product","2":"type-product","3":"status-publish","4":"has-post-thumbnail","6":"product_brand-neuner","7":"product_cat-n","8":"pa_packungsgroesse-230ml","10":"first","11":"instock","12":"shipping-taxable","13":"purchasable","14":"product-type-simple"},"acf":[],"_links":{"self":[{"href":"https:\/\/www.ernstbrunn-apotheke.at\/katalog\/wp-json\/wp\/v2\/product\/45850","targetHints":{"allow":["GET"]}}],"collection":[{"href":"https:\/\/www.ernstbrunn-apotheke.at\/katalog\/wp-json\/wp\/v2\/product"}],"about":[{"href":"https:\/\/www.ernstbrunn-apotheke.at\/katalog\/wp-json\/wp\/v2\/types\/product"}],"wp:featuredmedia":[{"embeddable":true,"href":"https:\/\/www.ernstbrunn-apotheke.at\/katalog\/wp-json\/wp\/v2\/media\/45852"}],"wp:attachment":[{"href":"https:\/\/www.ernstbrunn-apotheke.at\/katalog\/wp-json\/wp\/v2\/media?parent=45850"}],"wp:term":[{"taxonomy":"product_brand","embeddable":true,"href":"https:\/\/www.ernstbrunn-apotheke.at\/katalog\/wp-json\/wp\/v2\/product_brand?post=45850"},{"taxonomy":"product_cat","embeddable":true,"href":"https:\/\/www.ernstbrunn-apotheke.at\/katalog\/wp-json\/wp\/v2\/product_cat?post=45850"},{"taxonomy":"product_tag","embeddable":true,"href":"https:\/\/www.ernstbrunn-apotheke.at\/katalog\/wp-json\/wp\/v2\/product_tag?post=45850"}],"curies":[{"name":"wp","href":"https:\/\/api.w.org\/{rel}","templated":true}]}}