{"id":45844,"date":"2025-11-10T17:18:41","date_gmt":"2025-11-10T16:18:41","guid":{"rendered":"https:\/\/www.ernstbrunn-apotheke.at\/katalog\/produkt\/retterspitz-wund-und-heilsalbe-40-g\/"},"modified":"2025-12-08T16:24:56","modified_gmt":"2025-12-08T15:24:56","slug":"retterspitz-wund-und-heilsalbe-40-g","status":"publish","type":"product","link":"https:\/\/www.ernstbrunn-apotheke.at\/katalog\/produkt\/retterspitz-wund-und-heilsalbe-40-g\/","title":{"rendered":"Retterspitz Wund- und Heilsalbe 40 g"},"content":{"rendered":"<p>Die Wund- und Heilsalbe von Retterspitz (fr\u00fcher als \u201eGr\u00fcne Heilsalbe\u201c bekannt) unterst\u00fctzt mit ihrer bew\u00e4hrten Rezeptur das Abklingen von Analbeschwerden und die Heilung kleinerer Wunden. Retterspitz Wund- und Heilsalbe bildet eine nat\u00fcrliche Barriere gegen Bakterien, unterst\u00fctzt die Wundheilung und beruhigt die Haut. Ideal f\u00fcr zu Hause und unterwegs.<\/p>\n","protected":false},"excerpt":{"rendered":"<p>Die Wund- und Heilsalbe von Retterspitz (fr\u00fcher als \u201eGr\u00fcne Heilsalbe\u201c bekannt) unterst\u00fctzt mit ihrer bew\u00e4hrten Rezeptur das Abklingen von Analbeschwerden und die Heilung kleinerer Wunden. Retterspitz Wund- und Heilsalbe bildet eine nat\u00fcrliche Barriere gegen Bakterien, unterst\u00fctzt die Wundheilung und beruhigt die Haut. Ideal f\u00fcr zu Hause und unterwegs.<\/p>\n","protected":false},"featured_media":45846,"template":"","meta":{"_acf_changed":false},"product_brand":[],"product_cat":[808],"product_tag":[],"class_list":{"0":"post-45844","1":"product","2":"type-product","3":"status-publish","4":"has-post-thumbnail","6":"product_cat-r","7":"pa_packungsgroesse-40g","9":"first","10":"instock","11":"shipping-taxable","12":"purchasable","13":"product-type-simple"},"acf":[],"_links":{"self":[{"href":"https:\/\/www.ernstbrunn-apotheke.at\/katalog\/wp-json\/wp\/v2\/product\/45844","targetHints":{"allow":["GET"]}}],"collection":[{"href":"https:\/\/www.ernstbrunn-apotheke.at\/katalog\/wp-json\/wp\/v2\/product"}],"about":[{"href":"https:\/\/www.ernstbrunn-apotheke.at\/katalog\/wp-json\/wp\/v2\/types\/product"}],"wp:featuredmedia":[{"embeddable":true,"href":"https:\/\/www.ernstbrunn-apotheke.at\/katalog\/wp-json\/wp\/v2\/media\/45846"}],"wp:attachment":[{"href":"https:\/\/www.ernstbrunn-apotheke.at\/katalog\/wp-json\/wp\/v2\/media?parent=45844"}],"wp:term":[{"taxonomy":"product_brand","embeddable":true,"href":"https:\/\/www.ernstbrunn-apotheke.at\/katalog\/wp-json\/wp\/v2\/product_brand?post=45844"},{"taxonomy":"product_cat","embeddable":true,"href":"https:\/\/www.ernstbrunn-apotheke.at\/katalog\/wp-json\/wp\/v2\/product_cat?post=45844"},{"taxonomy":"product_tag","embeddable":true,"href":"https:\/\/www.ernstbrunn-apotheke.at\/katalog\/wp-json\/wp\/v2\/product_tag?post=45844"}],"curies":[{"name":"wp","href":"https:\/\/api.w.org\/{rel}","templated":true}]}}