{"id":45794,"date":"2025-11-10T17:17:29","date_gmt":"2025-11-10T16:17:29","guid":{"rendered":"https:\/\/www.ernstbrunn-apotheke.at\/katalog\/produkt\/anifer-teufelskralle-gel-150-ml\/"},"modified":"2025-12-08T16:24:46","modified_gmt":"2025-12-08T15:24:46","slug":"anifer-teufelskralle-gel-150-ml","status":"publish","type":"product","link":"https:\/\/www.ernstbrunn-apotheke.at\/katalog\/produkt\/anifer-teufelskralle-gel-150-ml\/","title":{"rendered":"Anifer Teufelskralle Gel 150 ml"},"content":{"rendered":"<p>Anifer Teufelskralle Gel dient der entspannenden Massage f\u00fcr K\u00f6rper, Gelenke und Muskeln. Nach k\u00f6rperlicher Belastung. Das k\u00fchlende Gel erg\u00e4nzt die wohltuende Wirkung der Teufelskralle und bewirkt ein angenehmes Hautgef\u00fchl nach dem Einmassieren.<\/p>\n","protected":false},"excerpt":{"rendered":"<p>Anifer Teufelskralle Gel dient der entspannenden Massage f\u00fcr K\u00f6rper, Gelenke und Muskeln. Nach k\u00f6rperlicher Belastung. Das k\u00fchlende Gel erg\u00e4nzt die wohltuende Wirkung der Teufelskralle und bewirkt ein angenehmes Hautgef\u00fchl nach dem Einmassieren.<\/p>\n","protected":false},"featured_media":45796,"template":"","meta":{"_acf_changed":false},"product_brand":[],"product_cat":[801],"product_tag":[],"class_list":{"0":"post-45794","1":"product","2":"type-product","3":"status-publish","4":"has-post-thumbnail","6":"product_cat-a","7":"pa_packungsgroesse-150ml","9":"first","10":"instock","11":"shipping-taxable","12":"purchasable","13":"product-type-simple"},"acf":[],"_links":{"self":[{"href":"https:\/\/www.ernstbrunn-apotheke.at\/katalog\/wp-json\/wp\/v2\/product\/45794","targetHints":{"allow":["GET"]}}],"collection":[{"href":"https:\/\/www.ernstbrunn-apotheke.at\/katalog\/wp-json\/wp\/v2\/product"}],"about":[{"href":"https:\/\/www.ernstbrunn-apotheke.at\/katalog\/wp-json\/wp\/v2\/types\/product"}],"wp:featuredmedia":[{"embeddable":true,"href":"https:\/\/www.ernstbrunn-apotheke.at\/katalog\/wp-json\/wp\/v2\/media\/45796"}],"wp:attachment":[{"href":"https:\/\/www.ernstbrunn-apotheke.at\/katalog\/wp-json\/wp\/v2\/media?parent=45794"}],"wp:term":[{"taxonomy":"product_brand","embeddable":true,"href":"https:\/\/www.ernstbrunn-apotheke.at\/katalog\/wp-json\/wp\/v2\/product_brand?post=45794"},{"taxonomy":"product_cat","embeddable":true,"href":"https:\/\/www.ernstbrunn-apotheke.at\/katalog\/wp-json\/wp\/v2\/product_cat?post=45794"},{"taxonomy":"product_tag","embeddable":true,"href":"https:\/\/www.ernstbrunn-apotheke.at\/katalog\/wp-json\/wp\/v2\/product_tag?post=45794"}],"curies":[{"name":"wp","href":"https:\/\/api.w.org\/{rel}","templated":true}]}}